{"id":12975,"date":"2025-12-02T16:58:16","date_gmt":"2025-12-02T13:58:16","guid":{"rendered":"https:\/\/www.mustafaaydinol.com\/genel-cerrahi\/"},"modified":"2025-12-10T19:22:12","modified_gmt":"2025-12-10T16:22:12","slug":"genel-cerrahi","status":"publish","type":"page","link":"https:\/\/www.mustafaaydinol.com\/tr\/genel-cerrahi\/","title":{"rendered":"Genel Cerrahi"},"content":{"rendered":"\t\t<div data-elementor-type=\"wp-page\" data-elementor-id=\"12975\" class=\"elementor elementor-12975 elementor-12419\" data-elementor-post-type=\"page\">\n\t\t\t\t<div class=\"elementor-element elementor-element-4143a956 e-flex e-con-boxed e-con e-parent\" data-id=\"4143a956\" data-element_type=\"container\" data-e-type=\"container\">\n\t\t\t\t\t<div class=\"e-con-inner\">\n\t\t\t\t<div class=\"elementor-element elementor-element-318c5463 elementor-widget elementor-widget-heading\" data-id=\"318c5463\" data-element_type=\"widget\" data-e-type=\"widget\" data-widget_type=\"heading.default\">\n\t\t\t\t\t<h1 class=\"elementor-heading-title elementor-size-default\">Genel Cerrahi<\/h1>\t\t\t\t<\/div>\n\t\t\t\t<div class=\"elementor-element elementor-element-f9392ea elementor-widget elementor-widget-text-editor\" data-id=\"f9392ea\" data-element_type=\"widget\" data-e-type=\"widget\" data-widget_type=\"text-editor.default\">\n\t\t\t\t\t\t\t\t\t<p>Sundu\u011fumuz ameliyatlar\u0131 ke\u015ffedin<\/p>\t\t\t\t\t\t\t\t<\/div>\n\t\t\t\t<div class=\"elementor-element elementor-element-31485601 elementor-align-center elementor-widget elementor-widget-button\" data-id=\"31485601\" data-element_type=\"widget\" data-e-type=\"widget\" data-widget_type=\"button.default\">\n\t\t\t\t\t\t\t\t\t\t<a class=\"elementor-button elementor-button-link elementor-size-sm elementor-animation-grow\" href=\"https:\/\/wa.me\/00905447720772\">\n\t\t\t\t\t\t<span class=\"elementor-button-content-wrapper\">\n\t\t\t\t\t\t\t\t\t<span class=\"elementor-button-text\">\u00dccretsiz Dan\u0131\u015fmanl\u0131k<\/span>\n\t\t\t\t\t<\/span>\n\t\t\t\t\t<\/a>\n\t\t\t\t\t\t\t\t<\/div>\n\t\t<div class=\"elementor-element elementor-element-44cd435b e-grid e-con-full e-con e-child\" data-id=\"44cd435b\" data-element_type=\"container\" data-e-type=\"container\">\n\t\t\t\t<div class=\"elementor-element elementor-element-57178466 elementor-widget elementor-widget-image\" data-id=\"57178466\" data-element_type=\"widget\" data-e-type=\"widget\" data-widget_type=\"image.default\">\n\t\t\t\t\t\t\t\t\t\t\t\t\t\t\t<img decoding=\"async\" src=\"https:\/\/www.mustafaaydinol.com\/wp-content\/uploads\/elementor\/thumbs\/Logo_of_Ministry_of_Health_Turkey-scaled-1-rfh0twn0pive3z8npy1t7f42zxo1nq7qul0h3557q4.png\" title=\"Logo_of_Ministry_of_Health_Turkey-scaled.png\" alt=\"Logo_of_Ministry_of_Health_Turkey-scaled.png\" loading=\"lazy\" \/>\t\t\t\t\t\t\t\t\t\t\t\t\t\t\t<\/div>\n\t\t\t\t<\/div>\n\t\t\t\t<div class=\"elementor-element elementor-element-45c0d8f5 elementor-widget-divider--view-line elementor-widget elementor-widget-divider\" data-id=\"45c0d8f5\" data-element_type=\"widget\" data-e-type=\"widget\" data-widget_type=\"divider.default\">\n\t\t\t\t\t\t\t<div class=\"elementor-divider\">\n\t\t\t<span class=\"elementor-divider-separator\">\n\t\t\t\t\t\t<\/span>\n\t\t<\/div>\n\t\t\t\t\t\t<\/div>\n\t\t\t\t<div class=\"elementor-element elementor-element-78d8d030 elementor-widget elementor-widget-heading\" data-id=\"78d8d030\" data-element_type=\"widget\" data-e-type=\"widget\" data-widget_type=\"heading.default\">\n\t\t\t\t\t<h1 class=\"elementor-heading-title elementor-size-default\">Kilo verme ameliyat\u0131 ve di\u011fer genel cerrahi i\u015flemler: Ba\u015ftan sona kapsaml\u0131 hizmet<\/h1>\t\t\t\t<\/div>\n\t\t\t\t<div class=\"elementor-element elementor-element-0242d30 elementor-widget elementor-widget-image\" data-id=\"0242d30\" data-element_type=\"widget\" data-e-type=\"widget\" data-widget_type=\"image.default\">\n\t\t\t\t\t\t\t\t\t\t\t\t\t\t\t<img fetchpriority=\"high\" decoding=\"async\" width=\"768\" height=\"576\" src=\"https:\/\/www.mustafaaydinol.com\/wp-content\/uploads\/2025\/12\/shutterstock_788091613-768x576.jpg\" class=\"attachment-medium_large size-medium_large wp-image-14068\" alt=\"\" srcset=\"https:\/\/www.mustafaaydinol.com\/wp-content\/uploads\/2025\/12\/shutterstock_788091613-768x576.jpg 768w, https:\/\/www.mustafaaydinol.com\/wp-content\/uploads\/2025\/12\/shutterstock_788091613-300x225.jpg 300w, https:\/\/www.mustafaaydinol.com\/wp-content\/uploads\/2025\/12\/shutterstock_788091613-1024x768.jpg 1024w, https:\/\/www.mustafaaydinol.com\/wp-content\/uploads\/2025\/12\/shutterstock_788091613-1536x1152.jpg 1536w, https:\/\/www.mustafaaydinol.com\/wp-content\/uploads\/2025\/12\/shutterstock_788091613-2048x1536.jpg 2048w\" sizes=\"(max-width: 768px) 100vw, 768px\" \/>\t\t\t\t\t\t\t\t\t\t\t\t\t\t\t<\/div>\n\t\t\t\t<div class=\"elementor-element elementor-element-e1b4a77 elementor-widget-divider--view-line elementor-widget elementor-widget-divider\" data-id=\"e1b4a77\" data-element_type=\"widget\" data-e-type=\"widget\" data-widget_type=\"divider.default\">\n\t\t\t\t\t\t\t<div class=\"elementor-divider\">\n\t\t\t<span class=\"elementor-divider-separator\">\n\t\t\t\t\t\t<\/span>\n\t\t<\/div>\n\t\t\t\t\t\t<\/div>\n\t\t\t\t<div class=\"elementor-element elementor-element-3a307a4 elementor-invisible elementor-widget elementor-widget-heading\" data-id=\"3a307a4\" data-element_type=\"widget\" data-e-type=\"widget\" data-settings=\"{&quot;_animation&quot;:&quot;fadeIn&quot;}\" data-widget_type=\"heading.default\">\n\t\t\t\t\t<h2 class=\"elementor-heading-title elementor-size-default\">Sizi \u0130stanbul'daki g\u00fcvenilir, sertifikal\u0131 genel cerrahlarla e\u015fle\u015ftiriyoruz <br><br>Her \u015feyi koordine ediyoruz: Tele-kons\u00fcltasyon, Tarih se\u00e7imi, Hastane,  <br>Otel ve Transferler.<\/h2>\t\t\t\t<\/div>\n\t\t\t\t<div class=\"elementor-element elementor-element-e2c9278 elementor-widget-divider--view-line elementor-widget elementor-widget-divider\" data-id=\"e2c9278\" data-element_type=\"widget\" data-e-type=\"widget\" data-widget_type=\"divider.default\">\n\t\t\t\t\t\t\t<div class=\"elementor-divider\">\n\t\t\t<span class=\"elementor-divider-separator\">\n\t\t\t\t\t\t<\/span>\n\t\t<\/div>\n\t\t\t\t\t\t<\/div>\n\t\t\t\t<div class=\"elementor-element elementor-element-d9307eb elementor-invisible elementor-widget elementor-widget-heading\" data-id=\"d9307eb\" data-element_type=\"widget\" data-e-type=\"widget\" data-settings=\"{&quot;_animation&quot;:&quot;fadeIn&quot;}\" data-widget_type=\"heading.default\">\n\t\t\t\t\t<h2 class=\"elementor-heading-title elementor-size-default\">Siz iyile\u015fmeye odaklan\u0131n; gerisini biz hallederiz.<\/h2>\t\t\t\t<\/div>\n\t\t\t\t<div class=\"elementor-element elementor-element-9c1cc72 elementor-widget-divider--view-line elementor-widget elementor-widget-divider\" data-id=\"9c1cc72\" data-element_type=\"widget\" data-e-type=\"widget\" data-widget_type=\"divider.default\">\n\t\t\t\t\t\t\t<div class=\"elementor-divider\">\n\t\t\t<span class=\"elementor-divider-separator\">\n\t\t\t\t\t\t<\/span>\n\t\t<\/div>\n\t\t\t\t\t\t<\/div>\n\t\t\t\t\t<\/div>\n\t\t\t\t<\/div>\n\t\t<div class=\"elementor-element elementor-element-2d5e931e e-grid e-con-boxed e-con e-parent\" data-id=\"2d5e931e\" data-element_type=\"container\" data-e-type=\"container\">\n\t\t\t\t\t<div class=\"e-con-inner\">\n\t\t\t\t<div class=\"elementor-element elementor-element-c372ed5 elementor-widget elementor-widget-text-editor\" data-id=\"c372ed5\" data-element_type=\"widget\" data-e-type=\"widget\" data-widget_type=\"text-editor.default\">\n\t\t\t\t\t\t\t\t\t<h3 style=\"text-align: center;\"><span style=\"color: #ff6600;\"><strong>Bariatrik cerrahi (Sleeve, Bypass, Revizyon)<\/strong><\/span><\/h3><h3 style=\"text-align: center;\"><span style=\"color: #ff6600;\"><strong>Sindirim ve laparoskopik cerrahi (Safra kesesi, F\u0131t\u0131k, Refl\u00fc)<\/strong><\/span><\/h3><h3 style=\"text-align: center;\"><span style=\"color: #ff6600;\"><strong>Endokrin (Tiroid\/Paratiroid)<\/strong><\/span><\/h3><h3 style=\"text-align: center;\"><span style=\"color: #ff6600;\"><strong>Kolorektal<\/strong><\/span><\/h3><h3 style=\"text-align: center;\"><span style=\"color: #ff6600;\"><strong>Onkoloji<\/strong><\/span><\/h3><h3 style=\"text-align: center;\"><span style=\"color: #ff6600;\"><strong>G\u00fcn\u00fcbirlik \u00e7\u00f6z\u00fcmler (Pilonidal sin\u00fcs, hemoroid)<\/strong><\/span><\/h3>\t\t\t\t\t\t\t\t<\/div>\n\t\t\t\t\t<\/div>\n\t\t\t\t<\/div>\n\t\t<div class=\"elementor-element elementor-element-3d6e2ab8 e-flex e-con-boxed e-con e-parent\" data-id=\"3d6e2ab8\" data-element_type=\"container\" data-e-type=\"container\">\n\t\t\t\t\t<div class=\"e-con-inner\">\n\t\t\t\t<div class=\"elementor-element elementor-element-4c47ed4 elementor-align-center elementor-widget elementor-widget-button\" data-id=\"4c47ed4\" data-element_type=\"widget\" data-e-type=\"widget\" data-widget_type=\"button.default\">\n\t\t\t\t\t\t\t\t\t\t<a class=\"elementor-button elementor-button-link elementor-size-sm\" href=\"tel:%20+905447720772\">\n\t\t\t\t\t\t<span class=\"elementor-button-content-wrapper\">\n\t\t\t\t\t\t\t\t\t<span class=\"elementor-button-text\">Kons\u00fcltasyon \u0130\u00e7in \u015eimdi Bize Ula\u015f\u0131n +90 544 772 07 72<\/span>\n\t\t\t\t\t<\/span>\n\t\t\t\t\t<\/a>\n\t\t\t\t\t\t\t\t<\/div>\n\t\t\t\t\t<\/div>\n\t\t\t\t<\/div>\n\t\t\t\t<\/div>\n\t\t","protected":false},"excerpt":{"rendered":"<p>Genel Cerrahi Sundu\u011fumuz ameliyatlar\u0131 ke\u015ffedin \u00dccretsiz Dan\u0131\u015fmanl\u0131k Kilo verme ameliyat\u0131 ve di\u011fer genel cerrahi i\u015flemler: Ba\u015ftan sona kapsaml\u0131 hizmet Sizi \u0130stanbul&#8217;daki g\u00fcvenilir, sertifikal\u0131 genel cerrahlarla e\u015fle\u015ftiriyoruz Her \u015feyi koordine ediyoruz: Tele-kons\u00fcltasyon, Tarih se\u00e7imi, Hastane, Otel ve Transferler. Siz iyile\u015fmeye odaklan\u0131n; gerisini biz hallederiz. Bariatrik cerrahi (Sleeve, Bypass, Revizyon) Sindirim ve laparoskopik cerrahi (Safra kesesi, F\u0131t\u0131k, [&hellip;]<\/p>\n","protected":false},"author":3,"featured_media":0,"parent":0,"menu_order":0,"comment_status":"closed","ping_status":"closed","template":"","meta":{"footnotes":""},"class_list":["post-12975","page","type-page","status-publish","hentry"],"yoast_head":"<!-- This site is optimized with the Yoast SEO Premium plugin v26.6 (Yoast SEO v26.6) - https:\/\/yoast.com\/wordpress\/plugins\/seo\/ -->\n<title>Genel Cerrahi - Op. Dr. M.Mustafa Ayd\u0131nol<\/title>\n<meta name=\"description\" content=\"We offer individualized various health services according to your needs. You enjoy your trip we will take care the rest.\" \/>\n<meta name=\"robots\" content=\"index, follow, max-snippet:-1, max-image-preview:large, max-video-preview:-1\" \/>\n<link rel=\"canonical\" href=\"https:\/\/www.mustafaaydinol.com\/tr\/genel-cerrahi\/\" \/>\n<meta property=\"og:locale\" content=\"tr_TR\" \/>\n<meta property=\"og:type\" content=\"article\" \/>\n<meta property=\"og:title\" content=\"Genel Cerrahi Plastic Surgery and More\" \/>\n<meta property=\"og:description\" content=\"We offer individualized various health services according to your needs. You enjoy your trip we will take care the rest.\" \/>\n<meta property=\"og:url\" content=\"https:\/\/www.mustafaaydinol.com\/tr\/genel-cerrahi\/\" \/>\n<meta property=\"og:site_name\" content=\"Op. Dr. M.Mustafa Ayd\u0131nol\" \/>\n<meta property=\"article:modified_time\" content=\"2025-12-10T16:22:12+00:00\" \/>\n<meta property=\"og:image\" content=\"https:\/\/www.mustafaaydinol.com\/wp-content\/uploads\/elementor\/thumbs\/Logo_of_Ministry_of_Health_Turkey-scaled-1-rfh0twn0pive3z8npy1t7f42zxo1nq7qul0h3557q4.png\" \/>\n<meta name=\"twitter:card\" content=\"summary_large_image\" \/>\n<script type=\"application\/ld+json\" class=\"yoast-schema-graph\">{\"@context\":\"https:\/\/schema.org\",\"@graph\":[{\"@type\":\"WebPage\",\"@id\":\"https:\/\/www.mustafaaydinol.com\/tr\/genel-cerrahi\/\",\"url\":\"https:\/\/www.mustafaaydinol.com\/tr\/genel-cerrahi\/\",\"name\":\"Genel Cerrahi - Op. Dr. M.Mustafa Ayd\u0131nol\",\"isPartOf\":{\"@id\":\"https:\/\/www.mustafaaydinol.com\/tr\/#website\"},\"primaryImageOfPage\":{\"@id\":\"https:\/\/www.mustafaaydinol.com\/tr\/genel-cerrahi\/#primaryimage\"},\"image\":{\"@id\":\"https:\/\/www.mustafaaydinol.com\/tr\/genel-cerrahi\/#primaryimage\"},\"thumbnailUrl\":\"https:\/\/www.mustafaaydinol.com\/wp-content\/uploads\/elementor\/thumbs\/Logo_of_Ministry_of_Health_Turkey-scaled-1-rfh0twn0pive3z8npy1t7f42zxo1nq7qul0h3557q4.png\",\"datePublished\":\"2025-12-02T13:58:16+00:00\",\"dateModified\":\"2025-12-10T16:22:12+00:00\",\"description\":\"We offer individualized various health services according to your needs. You enjoy your trip we will take care the rest.\",\"breadcrumb\":{\"@id\":\"https:\/\/www.mustafaaydinol.com\/tr\/genel-cerrahi\/#breadcrumb\"},\"inLanguage\":\"tr\",\"potentialAction\":[{\"@type\":\"ReadAction\",\"target\":[\"https:\/\/www.mustafaaydinol.com\/tr\/genel-cerrahi\/\"]}]},{\"@type\":\"ImageObject\",\"inLanguage\":\"tr\",\"@id\":\"https:\/\/www.mustafaaydinol.com\/tr\/genel-cerrahi\/#primaryimage\",\"url\":\"https:\/\/www.mustafaaydinol.com\/wp-content\/uploads\/elementor\/thumbs\/Logo_of_Ministry_of_Health_Turkey-scaled-1-rfh0twn0pive3z8npy1t7f42zxo1nq7qul0h3557q4.png\",\"contentUrl\":\"https:\/\/www.mustafaaydinol.com\/wp-content\/uploads\/elementor\/thumbs\/Logo_of_Ministry_of_Health_Turkey-scaled-1-rfh0twn0pive3z8npy1t7f42zxo1nq7qul0h3557q4.png\"},{\"@type\":\"BreadcrumbList\",\"@id\":\"https:\/\/www.mustafaaydinol.com\/tr\/genel-cerrahi\/#breadcrumb\",\"itemListElement\":[{\"@type\":\"ListItem\",\"position\":1,\"name\":\"Anasayfa\",\"item\":\"https:\/\/www.mustafaaydinol.com\/tr\/\"},{\"@type\":\"ListItem\",\"position\":2,\"name\":\"Genel Cerrahi\"}]},{\"@type\":\"WebSite\",\"@id\":\"https:\/\/www.mustafaaydinol.com\/tr\/#website\",\"url\":\"https:\/\/www.mustafaaydinol.com\/tr\/\",\"name\":\"Op. Dr. M.Mustafa Ayd\u0131nol\",\"description\":\"Estetik, Plastik ve Rekonstr\u00fcktif Cerrahi Uzman\u0131\",\"publisher\":{\"@id\":\"https:\/\/www.mustafaaydinol.com\/tr\/#organization\"},\"potentialAction\":[{\"@type\":\"SearchAction\",\"target\":{\"@type\":\"EntryPoint\",\"urlTemplate\":\"https:\/\/www.mustafaaydinol.com\/tr\/?s={search_term_string}\"},\"query-input\":{\"@type\":\"PropertyValueSpecification\",\"valueRequired\":true,\"valueName\":\"search_term_string\"}}],\"inLanguage\":\"tr\"},{\"@type\":\"Organization\",\"@id\":\"https:\/\/www.mustafaaydinol.com\/tr\/#organization\",\"name\":\"Op. Dr. M.Mustafa Ayd\u0131nol\",\"url\":\"https:\/\/www.mustafaaydinol.com\/tr\/\",\"logo\":{\"@type\":\"ImageObject\",\"inLanguage\":\"tr\",\"@id\":\"https:\/\/www.mustafaaydinol.com\/tr\/#\/schema\/logo\/image\/\",\"url\":\"https:\/\/www.mustafaaydinol.com\/wp-content\/uploads\/2024\/06\/cropped-cropped-Adsiz-tasarim-3.png\",\"contentUrl\":\"https:\/\/www.mustafaaydinol.com\/wp-content\/uploads\/2024\/06\/cropped-cropped-Adsiz-tasarim-3.png\",\"width\":281,\"height\":220,\"caption\":\"Op. Dr. M.Mustafa Ayd\u0131nol \"},\"image\":{\"@id\":\"https:\/\/www.mustafaaydinol.com\/tr\/#\/schema\/logo\/image\/\"}}]}<\/script>\n<!-- \/ Yoast SEO Premium plugin. -->","yoast_head_json":{"title":"Genel Cerrahi - Op. Dr. M.Mustafa Ayd\u0131nol","description":"We offer individualized various health services according to your needs. You enjoy your trip we will take care the rest.","robots":{"index":"index","follow":"follow","max-snippet":"max-snippet:-1","max-image-preview":"max-image-preview:large","max-video-preview":"max-video-preview:-1"},"canonical":"https:\/\/www.mustafaaydinol.com\/tr\/genel-cerrahi\/","og_locale":"tr_TR","og_type":"article","og_title":"Genel Cerrahi Plastic Surgery and More","og_description":"We offer individualized various health services according to your needs. You enjoy your trip we will take care the rest.","og_url":"https:\/\/www.mustafaaydinol.com\/tr\/genel-cerrahi\/","og_site_name":"Op. Dr. M.Mustafa Ayd\u0131nol","article_modified_time":"2025-12-10T16:22:12+00:00","og_image":[{"url":"https:\/\/www.mustafaaydinol.com\/wp-content\/uploads\/elementor\/thumbs\/Logo_of_Ministry_of_Health_Turkey-scaled-1-rfh0twn0pive3z8npy1t7f42zxo1nq7qul0h3557q4.png","type":"","width":"","height":""}],"twitter_card":"summary_large_image","schema":{"@context":"https:\/\/schema.org","@graph":[{"@type":"WebPage","@id":"https:\/\/www.mustafaaydinol.com\/tr\/genel-cerrahi\/","url":"https:\/\/www.mustafaaydinol.com\/tr\/genel-cerrahi\/","name":"Genel Cerrahi - Op. Dr. M.Mustafa Ayd\u0131nol","isPartOf":{"@id":"https:\/\/www.mustafaaydinol.com\/tr\/#website"},"primaryImageOfPage":{"@id":"https:\/\/www.mustafaaydinol.com\/tr\/genel-cerrahi\/#primaryimage"},"image":{"@id":"https:\/\/www.mustafaaydinol.com\/tr\/genel-cerrahi\/#primaryimage"},"thumbnailUrl":"https:\/\/www.mustafaaydinol.com\/wp-content\/uploads\/elementor\/thumbs\/Logo_of_Ministry_of_Health_Turkey-scaled-1-rfh0twn0pive3z8npy1t7f42zxo1nq7qul0h3557q4.png","datePublished":"2025-12-02T13:58:16+00:00","dateModified":"2025-12-10T16:22:12+00:00","description":"We offer individualized various health services according to your needs. You enjoy your trip we will take care the rest.","breadcrumb":{"@id":"https:\/\/www.mustafaaydinol.com\/tr\/genel-cerrahi\/#breadcrumb"},"inLanguage":"tr","potentialAction":[{"@type":"ReadAction","target":["https:\/\/www.mustafaaydinol.com\/tr\/genel-cerrahi\/"]}]},{"@type":"ImageObject","inLanguage":"tr","@id":"https:\/\/www.mustafaaydinol.com\/tr\/genel-cerrahi\/#primaryimage","url":"https:\/\/www.mustafaaydinol.com\/wp-content\/uploads\/elementor\/thumbs\/Logo_of_Ministry_of_Health_Turkey-scaled-1-rfh0twn0pive3z8npy1t7f42zxo1nq7qul0h3557q4.png","contentUrl":"https:\/\/www.mustafaaydinol.com\/wp-content\/uploads\/elementor\/thumbs\/Logo_of_Ministry_of_Health_Turkey-scaled-1-rfh0twn0pive3z8npy1t7f42zxo1nq7qul0h3557q4.png"},{"@type":"BreadcrumbList","@id":"https:\/\/www.mustafaaydinol.com\/tr\/genel-cerrahi\/#breadcrumb","itemListElement":[{"@type":"ListItem","position":1,"name":"Anasayfa","item":"https:\/\/www.mustafaaydinol.com\/tr\/"},{"@type":"ListItem","position":2,"name":"Genel Cerrahi"}]},{"@type":"WebSite","@id":"https:\/\/www.mustafaaydinol.com\/tr\/#website","url":"https:\/\/www.mustafaaydinol.com\/tr\/","name":"Op. Dr. M.Mustafa Ayd\u0131nol","description":"Estetik, Plastik ve Rekonstr\u00fcktif Cerrahi Uzman\u0131","publisher":{"@id":"https:\/\/www.mustafaaydinol.com\/tr\/#organization"},"potentialAction":[{"@type":"SearchAction","target":{"@type":"EntryPoint","urlTemplate":"https:\/\/www.mustafaaydinol.com\/tr\/?s={search_term_string}"},"query-input":{"@type":"PropertyValueSpecification","valueRequired":true,"valueName":"search_term_string"}}],"inLanguage":"tr"},{"@type":"Organization","@id":"https:\/\/www.mustafaaydinol.com\/tr\/#organization","name":"Op. Dr. M.Mustafa Ayd\u0131nol","url":"https:\/\/www.mustafaaydinol.com\/tr\/","logo":{"@type":"ImageObject","inLanguage":"tr","@id":"https:\/\/www.mustafaaydinol.com\/tr\/#\/schema\/logo\/image\/","url":"https:\/\/www.mustafaaydinol.com\/wp-content\/uploads\/2024\/06\/cropped-cropped-Adsiz-tasarim-3.png","contentUrl":"https:\/\/www.mustafaaydinol.com\/wp-content\/uploads\/2024\/06\/cropped-cropped-Adsiz-tasarim-3.png","width":281,"height":220,"caption":"Op. Dr. M.Mustafa Ayd\u0131nol "},"image":{"@id":"https:\/\/www.mustafaaydinol.com\/tr\/#\/schema\/logo\/image\/"}}]}},"_links":{"self":[{"href":"https:\/\/www.mustafaaydinol.com\/tr\/wp-json\/wp\/v2\/pages\/12975","targetHints":{"allow":["GET"]}}],"collection":[{"href":"https:\/\/www.mustafaaydinol.com\/tr\/wp-json\/wp\/v2\/pages"}],"about":[{"href":"https:\/\/www.mustafaaydinol.com\/tr\/wp-json\/wp\/v2\/types\/page"}],"author":[{"embeddable":true,"href":"https:\/\/www.mustafaaydinol.com\/tr\/wp-json\/wp\/v2\/users\/3"}],"replies":[{"embeddable":true,"href":"https:\/\/www.mustafaaydinol.com\/tr\/wp-json\/wp\/v2\/comments?post=12975"}],"version-history":[{"count":7,"href":"https:\/\/www.mustafaaydinol.com\/tr\/wp-json\/wp\/v2\/pages\/12975\/revisions"}],"predecessor-version":[{"id":14211,"href":"https:\/\/www.mustafaaydinol.com\/tr\/wp-json\/wp\/v2\/pages\/12975\/revisions\/14211"}],"wp:attachment":[{"href":"https:\/\/www.mustafaaydinol.com\/tr\/wp-json\/wp\/v2\/media?parent=12975"}],"curies":[{"name":"wp","href":"https:\/\/api.w.org\/{rel}","templated":true}]}}