{"id":12987,"date":"2025-12-02T16:56:17","date_gmt":"2025-12-02T13:56:17","guid":{"rendered":"https:\/\/www.mustafaaydinol.com\/sac-ekimi\/"},"modified":"2025-12-16T14:22:54","modified_gmt":"2025-12-16T11:22:54","slug":"sac-ekimi","status":"publish","type":"page","link":"https:\/\/www.mustafaaydinol.com\/tr\/sac-ekimi\/","title":{"rendered":"Sa\u00e7 Ekimi"},"content":{"rendered":"\t\t<div data-elementor-type=\"wp-page\" data-elementor-id=\"12987\" class=\"elementor elementor-12987 elementor-12409\" data-elementor-post-type=\"page\">\n\t\t\t\t<div class=\"elementor-element elementor-element-2dd08977 e-flex e-con-boxed e-con e-parent\" data-id=\"2dd08977\" data-element_type=\"container\" data-e-type=\"container\">\n\t\t\t\t\t<div class=\"e-con-inner\">\n\t\t\t\t<div class=\"elementor-element elementor-element-170d052f elementor-widget elementor-widget-heading\" data-id=\"170d052f\" data-element_type=\"widget\" data-e-type=\"widget\" data-widget_type=\"heading.default\">\n\t\t\t\t\t<h1 class=\"elementor-heading-title elementor-size-default\">Sa\u00e7 Ekimi<\/h1>\t\t\t\t<\/div>\n\t\t\t\t<div class=\"elementor-element elementor-element-24f5da53 elementor-widget elementor-widget-text-editor\" data-id=\"24f5da53\" data-element_type=\"widget\" data-e-type=\"widget\" data-widget_type=\"text-editor.default\">\n\t\t\t\t\t\t\t\t\t<p>Sundu\u011fumuz ameliyatlar\u0131 ke\u015ffedin<\/p>\t\t\t\t\t\t\t\t<\/div>\n\t\t\t\t<div class=\"elementor-element elementor-element-6a374adc elementor-align-center elementor-widget elementor-widget-button\" data-id=\"6a374adc\" data-element_type=\"widget\" data-e-type=\"widget\" data-widget_type=\"button.default\">\n\t\t\t\t\t\t\t\t\t\t<a class=\"elementor-button elementor-button-link elementor-size-sm elementor-animation-grow\" href=\"https:\/\/wa.me\/00905447720772\">\n\t\t\t\t\t\t<span class=\"elementor-button-content-wrapper\">\n\t\t\t\t\t\t\t\t\t<span class=\"elementor-button-text\">\u00dccretsiz Dan\u0131\u015fmanl\u0131k<\/span>\n\t\t\t\t\t<\/span>\n\t\t\t\t\t<\/a>\n\t\t\t\t\t\t\t\t<\/div>\n\t\t<div class=\"elementor-element elementor-element-2e58c264 e-grid e-con-full e-con e-child\" data-id=\"2e58c264\" data-element_type=\"container\" data-e-type=\"container\">\n\t\t\t\t<div class=\"elementor-element elementor-element-70d42286 elementor-widget elementor-widget-image\" data-id=\"70d42286\" data-element_type=\"widget\" data-e-type=\"widget\" data-widget_type=\"image.default\">\n\t\t\t\t\t\t\t\t\t\t\t\t\t\t\t<img decoding=\"async\" src=\"https:\/\/www.mustafaaydinol.com\/wp-content\/uploads\/elementor\/thumbs\/Logo_of_Ministry_of_Health_Turkey-scaled-1-rfh0twn0pive3z8npy1t7f42zxo1nq7qul0h3557q4.png\" title=\"Logo_of_Ministry_of_Health_Turkey-scaled.png\" alt=\"Logo_of_Ministry_of_Health_Turkey-scaled.png\" loading=\"lazy\" \/>\t\t\t\t\t\t\t\t\t\t\t\t\t\t\t<\/div>\n\t\t\t\t<div class=\"elementor-element elementor-element-1060294f elementor-widget elementor-widget-image\" data-id=\"1060294f\" data-element_type=\"widget\" data-e-type=\"widget\" data-widget_type=\"image.default\">\n\t\t\t\t\t\t\t\t\t\t\t\t\t\t\t<img fetchpriority=\"high\" decoding=\"async\" width=\"720\" height=\"405\" src=\"https:\/\/www.mustafaaydinol.com\/wp-content\/uploads\/2025\/11\/TPRECD_logo.svg\" class=\"attachment-large size-large wp-image-12118\" alt=\"\" \/>\t\t\t\t\t\t\t\t\t\t\t\t\t\t\t<\/div>\n\t\t\t\t<div class=\"elementor-element elementor-element-2ff76f12 elementor-widget elementor-widget-image\" data-id=\"2ff76f12\" data-element_type=\"widget\" data-e-type=\"widget\" data-widget_type=\"image.default\">\n\t\t\t\t\t\t\t\t\t\t\t\t\t\t\t<img decoding=\"async\" width=\"800\" height=\"311\" src=\"https:\/\/www.mustafaaydinol.com\/wp-content\/uploads\/2025\/11\/isaps-logo-full.webp\" class=\"attachment-large size-large wp-image-12073\" alt=\"\" srcset=\"https:\/\/www.mustafaaydinol.com\/wp-content\/uploads\/2025\/11\/isaps-logo-full.webp 931w, https:\/\/www.mustafaaydinol.com\/wp-content\/uploads\/2025\/11\/isaps-logo-full-300x117.webp 300w, https:\/\/www.mustafaaydinol.com\/wp-content\/uploads\/2025\/11\/isaps-logo-full-768x299.webp 768w\" sizes=\"(max-width: 800px) 100vw, 800px\" \/>\t\t\t\t\t\t\t\t\t\t\t\t\t\t\t<\/div>\n\t\t\t\t<\/div>\n\t\t\t\t<div class=\"elementor-element elementor-element-1a10fce6 elementor-widget-divider--view-line elementor-widget elementor-widget-divider\" data-id=\"1a10fce6\" data-element_type=\"widget\" data-e-type=\"widget\" data-widget_type=\"divider.default\">\n\t\t\t\t\t\t\t<div class=\"elementor-divider\">\n\t\t\t<span class=\"elementor-divider-separator\">\n\t\t\t\t\t\t<\/span>\n\t\t<\/div>\n\t\t\t\t\t\t<\/div>\n\t\t\t\t<div class=\"elementor-element elementor-element-41afe145 elementor-widget elementor-widget-heading\" data-id=\"41afe145\" data-element_type=\"widget\" data-e-type=\"widget\" data-widget_type=\"heading.default\">\n\t\t\t\t\t<h1 class=\"elementor-heading-title elementor-size-default\">En iyi ekipten m\u00fckemmel sa\u00e7 \u00e7izgisine ve do\u011fal yo\u011funlu\u011fa kadar, ba\u015ftan sona sa\u00e7 ekimi hizmeti.<\/h1>\t\t\t\t<\/div>\n\t\t\t\t<div class=\"elementor-element elementor-element-35c1d7f5 elementor-widget elementor-widget-image\" data-id=\"35c1d7f5\" data-element_type=\"widget\" data-e-type=\"widget\" data-widget_type=\"image.default\">\n\t\t\t\t\t\t\t\t\t\t\t\t\t\t\t<img decoding=\"async\" width=\"768\" height=\"432\" src=\"https:\/\/www.mustafaaydinol.com\/wp-content\/uploads\/2025\/12\/shutterstock_2595670985-768x432.jpg\" class=\"attachment-medium_large size-medium_large wp-image-14104\" alt=\"\" srcset=\"https:\/\/www.mustafaaydinol.com\/wp-content\/uploads\/2025\/12\/shutterstock_2595670985-768x432.jpg 768w, https:\/\/www.mustafaaydinol.com\/wp-content\/uploads\/2025\/12\/shutterstock_2595670985-300x169.jpg 300w, https:\/\/www.mustafaaydinol.com\/wp-content\/uploads\/2025\/12\/shutterstock_2595670985-1024x576.jpg 1024w, https:\/\/www.mustafaaydinol.com\/wp-content\/uploads\/2025\/12\/shutterstock_2595670985-1536x864.jpg 1536w, https:\/\/www.mustafaaydinol.com\/wp-content\/uploads\/2025\/12\/shutterstock_2595670985-2048x1153.jpg 2048w\" sizes=\"(max-width: 768px) 100vw, 768px\" \/>\t\t\t\t\t\t\t\t\t\t\t\t\t\t\t<\/div>\n\t\t\t\t<div class=\"elementor-element elementor-element-2002d98b elementor-widget-divider--view-line elementor-widget elementor-widget-divider\" data-id=\"2002d98b\" data-element_type=\"widget\" data-e-type=\"widget\" data-widget_type=\"divider.default\">\n\t\t\t\t\t\t\t<div class=\"elementor-divider\">\n\t\t\t<span class=\"elementor-divider-separator\">\n\t\t\t\t\t\t<\/span>\n\t\t<\/div>\n\t\t\t\t\t\t<\/div>\n\t\t\t\t<div class=\"elementor-element elementor-element-24af15bc elementor-invisible elementor-widget elementor-widget-heading\" data-id=\"24af15bc\" data-element_type=\"widget\" data-e-type=\"widget\" data-settings=\"{&quot;_animation&quot;:&quot;fadeIn&quot;}\" data-widget_type=\"heading.default\">\n\t\t\t\t\t<h2 class=\"elementor-heading-title elementor-size-default\">Sizi \u0130stanbul'daki uzman sa\u00e7 restorasyon uzmanlar\u0131 ve sertifikal\u0131 kliniklerle e\u015fle\u015ftiriyoruz. <br><br>Her \u015feyi koordine ediyoruz: \u00c7evrimi\u00e7i de\u011ferlendirme, Greft hesaplamas\u0131, Sa\u00e7 \u00e7izgisi tasar\u0131m\u0131, \u0130\u015flem, Otel ve Transferler.<\/h2>\t\t\t\t<\/div>\n\t\t\t\t<div class=\"elementor-element elementor-element-4dcc578d elementor-widget-divider--view-line elementor-widget elementor-widget-divider\" data-id=\"4dcc578d\" data-element_type=\"widget\" data-e-type=\"widget\" data-widget_type=\"divider.default\">\n\t\t\t\t\t\t\t<div class=\"elementor-divider\">\n\t\t\t<span class=\"elementor-divider-separator\">\n\t\t\t\t\t\t<\/span>\n\t\t<\/div>\n\t\t\t\t\t\t<\/div>\n\t\t\t\t<div class=\"elementor-element elementor-element-5cfb4570 elementor-invisible elementor-widget elementor-widget-heading\" data-id=\"5cfb4570\" data-element_type=\"widget\" data-e-type=\"widget\" data-settings=\"{&quot;_animation&quot;:&quot;fadeIn&quot;}\" data-widget_type=\"heading.default\">\n\t\t\t\t\t<h2 class=\"elementor-heading-title elementor-size-default\">Kal\u0131c\u0131 sonu\u00e7larla \u00f6zg\u00fcveninizi yeniden kazan\u0131n; gerisini biz hallederiz.<\/h2>\t\t\t\t<\/div>\n\t\t\t\t<div class=\"elementor-element elementor-element-44d2e61e elementor-widget-divider--view-line elementor-widget elementor-widget-divider\" data-id=\"44d2e61e\" data-element_type=\"widget\" data-e-type=\"widget\" data-widget_type=\"divider.default\">\n\t\t\t\t\t\t\t<div class=\"elementor-divider\">\n\t\t\t<span class=\"elementor-divider-separator\">\n\t\t\t\t\t\t<\/span>\n\t\t<\/div>\n\t\t\t\t\t\t<\/div>\n\t\t\t\t\t<\/div>\n\t\t\t\t<\/div>\n\t\t<div class=\"elementor-element elementor-element-13ce6d36 e-grid e-con-boxed e-con e-parent\" data-id=\"13ce6d36\" data-element_type=\"container\" data-e-type=\"container\">\n\t\t\t\t\t<div class=\"e-con-inner\">\n\t\t\t\t<div class=\"elementor-element elementor-element-53fe3c2b elementor-widget elementor-widget-text-editor\" data-id=\"53fe3c2b\" data-element_type=\"widget\" data-e-type=\"widget\" data-widget_type=\"text-editor.default\">\n\t\t\t\t\t\t\t\t\t<h3 style=\"text-align: center;\" data-path-to-node=\"10,0,0\"><span style=\"color: #ff6600;\"><b>FUE ve Safir FUE (Maksimum yo\u011funluk, do\u011fal g\u00f6r\u00fcn\u00fcm)<\/b><\/span><\/h3><h3 style=\"text-align: center;\" data-path-to-node=\"10,1,0\"><span style=\"color: #ff6600;\"><b>DHI Tekni\u011fi (T\u0131ra\u015fs\u0131z se\u00e7enekler, h\u0131zl\u0131 iyile\u015fme)<\/b><\/span><\/h3><h3 style=\"text-align: center;\" data-path-to-node=\"10,2,0\"><span style=\"color: #ff6600;\"><b>Sakal ve B\u0131y\u0131k Ekimi<\/b><\/span><\/h3><h3 style=\"text-align: center;\" data-path-to-node=\"10,3,0\"><span style=\"color: #ff6600;\"><b>Ka\u015f Restorasyonu<\/b><\/span><\/h3><h3 style=\"text-align: center;\" data-path-to-node=\"10,4,0\"><span style=\"color: #ff6600;\"><b>Sa\u00e7 D\u00f6k\u00fclmesi Tedavileri (PRP, Mezoterapi)<\/b><\/span><\/h3>\t\t\t\t\t\t\t\t<\/div>\n\t\t\t\t\t<\/div>\n\t\t\t\t<\/div>\n\t\t<div class=\"elementor-element elementor-element-3a77f2fd e-flex e-con-boxed e-con e-parent\" data-id=\"3a77f2fd\" data-element_type=\"container\" data-e-type=\"container\">\n\t\t\t\t\t<div class=\"e-con-inner\">\n\t\t\t\t<div class=\"elementor-element elementor-element-7d3eb34c elementor-align-center elementor-widget elementor-widget-button\" data-id=\"7d3eb34c\" data-element_type=\"widget\" data-e-type=\"widget\" data-widget_type=\"button.default\">\n\t\t\t\t\t\t\t\t\t\t<a class=\"elementor-button elementor-button-link elementor-size-sm\" href=\"tel:%20+905447720772\">\n\t\t\t\t\t\t<span class=\"elementor-button-content-wrapper\">\n\t\t\t\t\t\t\t\t\t<span class=\"elementor-button-text\">Kons\u00fcltasyon \u0130\u00e7in \u015eimdi Bize Ula\u015f\u0131n +90 544 772 07 72<\/span>\n\t\t\t\t\t<\/span>\n\t\t\t\t\t<\/a>\n\t\t\t\t\t\t\t\t<\/div>\n\t\t\t\t\t<\/div>\n\t\t\t\t<\/div>\n\t\t\t\t<\/div>\n\t\t","protected":false},"excerpt":{"rendered":"<p>Sa\u00e7 Ekimi Sundu\u011fumuz ameliyatlar\u0131 ke\u015ffedin \u00dccretsiz Dan\u0131\u015fmanl\u0131k En iyi ekipten m\u00fckemmel sa\u00e7 \u00e7izgisine ve do\u011fal yo\u011funlu\u011fa kadar, ba\u015ftan sona sa\u00e7 ekimi hizmeti. Sizi \u0130stanbul&#8217;daki uzman sa\u00e7 restorasyon uzmanlar\u0131 ve sertifikal\u0131 kliniklerle e\u015fle\u015ftiriyoruz. Her \u015feyi koordine ediyoruz: \u00c7evrimi\u00e7i de\u011ferlendirme, Greft hesaplamas\u0131, Sa\u00e7 \u00e7izgisi tasar\u0131m\u0131, \u0130\u015flem, Otel ve Transferler. Kal\u0131c\u0131 sonu\u00e7larla \u00f6zg\u00fcveninizi yeniden kazan\u0131n; gerisini biz hallederiz. [&hellip;]<\/p>\n","protected":false},"author":3,"featured_media":0,"parent":0,"menu_order":0,"comment_status":"closed","ping_status":"closed","template":"","meta":{"footnotes":""},"class_list":["post-12987","page","type-page","status-publish","hentry"],"yoast_head":"<!-- This site is optimized with the Yoast SEO Premium plugin v26.6 (Yoast SEO v26.6) - https:\/\/yoast.com\/wordpress\/plugins\/seo\/ -->\n<title>T\u00fcrkiye&#039;de Sa\u00e7 Ekimi: \u00dccretsiz Dan\u0131\u015fmanl\u0131k - Op. Dr. M.Mustafa Ayd\u0131nol<\/title>\n<meta name=\"description\" content=\"T\u00fcrkiye&#039;de sa\u00e7 ekimi hakk\u0131nda bilgi al\u0131n. Size en uygun \u00e7\u00f6z\u00fcmleri bulmak i\u00e7in \u00fccretsiz dan\u0131\u015fmanl\u0131k hizmetimizden yararlan\u0131n.\" \/>\n<meta name=\"robots\" content=\"index, follow, max-snippet:-1, max-image-preview:large, max-video-preview:-1\" \/>\n<link rel=\"canonical\" href=\"https:\/\/www.mustafaaydinol.com\/tr\/sac-ekimi\/\" \/>\n<meta property=\"og:locale\" content=\"tr_TR\" \/>\n<meta property=\"og:type\" content=\"article\" \/>\n<meta property=\"og:title\" content=\"Sa\u00e7 Ekimi Plastic Surgery and More\" \/>\n<meta property=\"og:description\" content=\"We offer individualized various health services according to your needs. You enjoy your trip we will take care the rest.\" \/>\n<meta property=\"og:url\" content=\"https:\/\/www.mustafaaydinol.com\/tr\/sac-ekimi\/\" \/>\n<meta property=\"og:site_name\" content=\"Op. Dr. M.Mustafa Ayd\u0131nol\" \/>\n<meta property=\"article:modified_time\" content=\"2025-12-16T11:22:54+00:00\" \/>\n<meta property=\"og:image\" content=\"https:\/\/www.mustafaaydinol.com\/wp-content\/uploads\/elementor\/thumbs\/Logo_of_Ministry_of_Health_Turkey-scaled-1-rfh0twn0pive3z8npy1t7f42zxo1nq7qul0h3557q4.png\" \/>\n<meta name=\"twitter:card\" content=\"summary_large_image\" \/>\n<meta name=\"twitter:label1\" content=\"Tahmini okuma s\u00fcresi\" \/>\n\t<meta name=\"twitter:data1\" content=\"1 dakika\" \/>\n<script type=\"application\/ld+json\" class=\"yoast-schema-graph\">{\"@context\":\"https:\/\/schema.org\",\"@graph\":[{\"@type\":\"WebPage\",\"@id\":\"https:\/\/www.mustafaaydinol.com\/tr\/sac-ekimi\/\",\"url\":\"https:\/\/www.mustafaaydinol.com\/tr\/sac-ekimi\/\",\"name\":\"T\u00fcrkiye'de Sa\u00e7 Ekimi: \u00dccretsiz Dan\u0131\u015fmanl\u0131k - Op. Dr. M.Mustafa Ayd\u0131nol\",\"isPartOf\":{\"@id\":\"https:\/\/www.mustafaaydinol.com\/tr\/#website\"},\"primaryImageOfPage\":{\"@id\":\"https:\/\/www.mustafaaydinol.com\/tr\/sac-ekimi\/#primaryimage\"},\"image\":{\"@id\":\"https:\/\/www.mustafaaydinol.com\/tr\/sac-ekimi\/#primaryimage\"},\"thumbnailUrl\":\"https:\/\/www.mustafaaydinol.com\/wp-content\/uploads\/elementor\/thumbs\/Logo_of_Ministry_of_Health_Turkey-scaled-1-rfh0twn0pive3z8npy1t7f42zxo1nq7qul0h3557q4.png\",\"datePublished\":\"2025-12-02T13:56:17+00:00\",\"dateModified\":\"2025-12-16T11:22:54+00:00\",\"description\":\"T\u00fcrkiye'de sa\u00e7 ekimi hakk\u0131nda bilgi al\u0131n. Size en uygun \u00e7\u00f6z\u00fcmleri bulmak i\u00e7in \u00fccretsiz dan\u0131\u015fmanl\u0131k hizmetimizden yararlan\u0131n.\",\"breadcrumb\":{\"@id\":\"https:\/\/www.mustafaaydinol.com\/tr\/sac-ekimi\/#breadcrumb\"},\"inLanguage\":\"tr\",\"potentialAction\":[{\"@type\":\"ReadAction\",\"target\":[\"https:\/\/www.mustafaaydinol.com\/tr\/sac-ekimi\/\"]}]},{\"@type\":\"ImageObject\",\"inLanguage\":\"tr\",\"@id\":\"https:\/\/www.mustafaaydinol.com\/tr\/sac-ekimi\/#primaryimage\",\"url\":\"https:\/\/www.mustafaaydinol.com\/wp-content\/uploads\/elementor\/thumbs\/Logo_of_Ministry_of_Health_Turkey-scaled-1-rfh0twn0pive3z8npy1t7f42zxo1nq7qul0h3557q4.png\",\"contentUrl\":\"https:\/\/www.mustafaaydinol.com\/wp-content\/uploads\/elementor\/thumbs\/Logo_of_Ministry_of_Health_Turkey-scaled-1-rfh0twn0pive3z8npy1t7f42zxo1nq7qul0h3557q4.png\"},{\"@type\":\"BreadcrumbList\",\"@id\":\"https:\/\/www.mustafaaydinol.com\/tr\/sac-ekimi\/#breadcrumb\",\"itemListElement\":[{\"@type\":\"ListItem\",\"position\":1,\"name\":\"Anasayfa\",\"item\":\"https:\/\/www.mustafaaydinol.com\/tr\/\"},{\"@type\":\"ListItem\",\"position\":2,\"name\":\"Sa\u00e7 Ekimi\"}]},{\"@type\":\"WebSite\",\"@id\":\"https:\/\/www.mustafaaydinol.com\/tr\/#website\",\"url\":\"https:\/\/www.mustafaaydinol.com\/tr\/\",\"name\":\"Op. Dr. M.Mustafa Ayd\u0131nol\",\"description\":\"Estetik, Plastik ve Rekonstr\u00fcktif Cerrahi Uzman\u0131\",\"publisher\":{\"@id\":\"https:\/\/www.mustafaaydinol.com\/tr\/#organization\"},\"potentialAction\":[{\"@type\":\"SearchAction\",\"target\":{\"@type\":\"EntryPoint\",\"urlTemplate\":\"https:\/\/www.mustafaaydinol.com\/tr\/?s={search_term_string}\"},\"query-input\":{\"@type\":\"PropertyValueSpecification\",\"valueRequired\":true,\"valueName\":\"search_term_string\"}}],\"inLanguage\":\"tr\"},{\"@type\":\"Organization\",\"@id\":\"https:\/\/www.mustafaaydinol.com\/tr\/#organization\",\"name\":\"Op. Dr. M.Mustafa Ayd\u0131nol\",\"url\":\"https:\/\/www.mustafaaydinol.com\/tr\/\",\"logo\":{\"@type\":\"ImageObject\",\"inLanguage\":\"tr\",\"@id\":\"https:\/\/www.mustafaaydinol.com\/tr\/#\/schema\/logo\/image\/\",\"url\":\"https:\/\/www.mustafaaydinol.com\/wp-content\/uploads\/2024\/06\/cropped-cropped-Adsiz-tasarim-3.png\",\"contentUrl\":\"https:\/\/www.mustafaaydinol.com\/wp-content\/uploads\/2024\/06\/cropped-cropped-Adsiz-tasarim-3.png\",\"width\":281,\"height\":220,\"caption\":\"Op. Dr. M.Mustafa Ayd\u0131nol \"},\"image\":{\"@id\":\"https:\/\/www.mustafaaydinol.com\/tr\/#\/schema\/logo\/image\/\"}}]}<\/script>\n<!-- \/ Yoast SEO Premium plugin. -->","yoast_head_json":{"title":"T\u00fcrkiye'de Sa\u00e7 Ekimi: \u00dccretsiz Dan\u0131\u015fmanl\u0131k - Op. Dr. M.Mustafa Ayd\u0131nol","description":"T\u00fcrkiye'de sa\u00e7 ekimi hakk\u0131nda bilgi al\u0131n. Size en uygun \u00e7\u00f6z\u00fcmleri bulmak i\u00e7in \u00fccretsiz dan\u0131\u015fmanl\u0131k hizmetimizden yararlan\u0131n.","robots":{"index":"index","follow":"follow","max-snippet":"max-snippet:-1","max-image-preview":"max-image-preview:large","max-video-preview":"max-video-preview:-1"},"canonical":"https:\/\/www.mustafaaydinol.com\/tr\/sac-ekimi\/","og_locale":"tr_TR","og_type":"article","og_title":"Sa\u00e7 Ekimi Plastic Surgery and More","og_description":"We offer individualized various health services according to your needs. You enjoy your trip we will take care the rest.","og_url":"https:\/\/www.mustafaaydinol.com\/tr\/sac-ekimi\/","og_site_name":"Op. Dr. M.Mustafa Ayd\u0131nol","article_modified_time":"2025-12-16T11:22:54+00:00","og_image":[{"url":"https:\/\/www.mustafaaydinol.com\/wp-content\/uploads\/elementor\/thumbs\/Logo_of_Ministry_of_Health_Turkey-scaled-1-rfh0twn0pive3z8npy1t7f42zxo1nq7qul0h3557q4.png","type":"","width":"","height":""}],"twitter_card":"summary_large_image","twitter_misc":{"Tahmini okuma s\u00fcresi":"1 dakika"},"schema":{"@context":"https:\/\/schema.org","@graph":[{"@type":"WebPage","@id":"https:\/\/www.mustafaaydinol.com\/tr\/sac-ekimi\/","url":"https:\/\/www.mustafaaydinol.com\/tr\/sac-ekimi\/","name":"T\u00fcrkiye'de Sa\u00e7 Ekimi: \u00dccretsiz Dan\u0131\u015fmanl\u0131k - Op. Dr. M.Mustafa Ayd\u0131nol","isPartOf":{"@id":"https:\/\/www.mustafaaydinol.com\/tr\/#website"},"primaryImageOfPage":{"@id":"https:\/\/www.mustafaaydinol.com\/tr\/sac-ekimi\/#primaryimage"},"image":{"@id":"https:\/\/www.mustafaaydinol.com\/tr\/sac-ekimi\/#primaryimage"},"thumbnailUrl":"https:\/\/www.mustafaaydinol.com\/wp-content\/uploads\/elementor\/thumbs\/Logo_of_Ministry_of_Health_Turkey-scaled-1-rfh0twn0pive3z8npy1t7f42zxo1nq7qul0h3557q4.png","datePublished":"2025-12-02T13:56:17+00:00","dateModified":"2025-12-16T11:22:54+00:00","description":"T\u00fcrkiye'de sa\u00e7 ekimi hakk\u0131nda bilgi al\u0131n. Size en uygun \u00e7\u00f6z\u00fcmleri bulmak i\u00e7in \u00fccretsiz dan\u0131\u015fmanl\u0131k hizmetimizden yararlan\u0131n.","breadcrumb":{"@id":"https:\/\/www.mustafaaydinol.com\/tr\/sac-ekimi\/#breadcrumb"},"inLanguage":"tr","potentialAction":[{"@type":"ReadAction","target":["https:\/\/www.mustafaaydinol.com\/tr\/sac-ekimi\/"]}]},{"@type":"ImageObject","inLanguage":"tr","@id":"https:\/\/www.mustafaaydinol.com\/tr\/sac-ekimi\/#primaryimage","url":"https:\/\/www.mustafaaydinol.com\/wp-content\/uploads\/elementor\/thumbs\/Logo_of_Ministry_of_Health_Turkey-scaled-1-rfh0twn0pive3z8npy1t7f42zxo1nq7qul0h3557q4.png","contentUrl":"https:\/\/www.mustafaaydinol.com\/wp-content\/uploads\/elementor\/thumbs\/Logo_of_Ministry_of_Health_Turkey-scaled-1-rfh0twn0pive3z8npy1t7f42zxo1nq7qul0h3557q4.png"},{"@type":"BreadcrumbList","@id":"https:\/\/www.mustafaaydinol.com\/tr\/sac-ekimi\/#breadcrumb","itemListElement":[{"@type":"ListItem","position":1,"name":"Anasayfa","item":"https:\/\/www.mustafaaydinol.com\/tr\/"},{"@type":"ListItem","position":2,"name":"Sa\u00e7 Ekimi"}]},{"@type":"WebSite","@id":"https:\/\/www.mustafaaydinol.com\/tr\/#website","url":"https:\/\/www.mustafaaydinol.com\/tr\/","name":"Op. Dr. M.Mustafa Ayd\u0131nol","description":"Estetik, Plastik ve Rekonstr\u00fcktif Cerrahi Uzman\u0131","publisher":{"@id":"https:\/\/www.mustafaaydinol.com\/tr\/#organization"},"potentialAction":[{"@type":"SearchAction","target":{"@type":"EntryPoint","urlTemplate":"https:\/\/www.mustafaaydinol.com\/tr\/?s={search_term_string}"},"query-input":{"@type":"PropertyValueSpecification","valueRequired":true,"valueName":"search_term_string"}}],"inLanguage":"tr"},{"@type":"Organization","@id":"https:\/\/www.mustafaaydinol.com\/tr\/#organization","name":"Op. Dr. M.Mustafa Ayd\u0131nol","url":"https:\/\/www.mustafaaydinol.com\/tr\/","logo":{"@type":"ImageObject","inLanguage":"tr","@id":"https:\/\/www.mustafaaydinol.com\/tr\/#\/schema\/logo\/image\/","url":"https:\/\/www.mustafaaydinol.com\/wp-content\/uploads\/2024\/06\/cropped-cropped-Adsiz-tasarim-3.png","contentUrl":"https:\/\/www.mustafaaydinol.com\/wp-content\/uploads\/2024\/06\/cropped-cropped-Adsiz-tasarim-3.png","width":281,"height":220,"caption":"Op. Dr. M.Mustafa Ayd\u0131nol "},"image":{"@id":"https:\/\/www.mustafaaydinol.com\/tr\/#\/schema\/logo\/image\/"}}]}},"_links":{"self":[{"href":"https:\/\/www.mustafaaydinol.com\/tr\/wp-json\/wp\/v2\/pages\/12987","targetHints":{"allow":["GET"]}}],"collection":[{"href":"https:\/\/www.mustafaaydinol.com\/tr\/wp-json\/wp\/v2\/pages"}],"about":[{"href":"https:\/\/www.mustafaaydinol.com\/tr\/wp-json\/wp\/v2\/types\/page"}],"author":[{"embeddable":true,"href":"https:\/\/www.mustafaaydinol.com\/tr\/wp-json\/wp\/v2\/users\/3"}],"replies":[{"embeddable":true,"href":"https:\/\/www.mustafaaydinol.com\/tr\/wp-json\/wp\/v2\/comments?post=12987"}],"version-history":[{"count":4,"href":"https:\/\/www.mustafaaydinol.com\/tr\/wp-json\/wp\/v2\/pages\/12987\/revisions"}],"predecessor-version":[{"id":14158,"href":"https:\/\/www.mustafaaydinol.com\/tr\/wp-json\/wp\/v2\/pages\/12987\/revisions\/14158"}],"wp:attachment":[{"href":"https:\/\/www.mustafaaydinol.com\/tr\/wp-json\/wp\/v2\/media?parent=12987"}],"curies":[{"name":"wp","href":"https:\/\/api.w.org\/{rel}","templated":true}]}}