{"id":13100,"date":"2025-12-02T16:59:13","date_gmt":"2025-12-02T13:59:13","guid":{"rendered":"https:\/\/www.mustafaaydinol.com\/tup-bebek\/"},"modified":"2025-12-10T20:19:57","modified_gmt":"2025-12-10T17:19:57","slug":"tup-bebek","status":"publish","type":"page","link":"https:\/\/www.mustafaaydinol.com\/tr\/tup-bebek\/","title":{"rendered":"T\u00dcP BEBEK"},"content":{"rendered":"\t\t<div data-elementor-type=\"wp-page\" data-elementor-id=\"13100\" class=\"elementor elementor-13100 elementor-12424\" data-elementor-post-type=\"page\">\n\t\t\t\t<div class=\"elementor-element elementor-element-1af4c569 e-flex e-con-boxed e-con e-parent\" data-id=\"1af4c569\" data-element_type=\"container\" data-e-type=\"container\">\n\t\t\t\t\t<div class=\"e-con-inner\">\n\t\t\t\t<div class=\"elementor-element elementor-element-795efe45 elementor-widget elementor-widget-heading\" data-id=\"795efe45\" data-element_type=\"widget\" data-e-type=\"widget\" data-widget_type=\"heading.default\">\n\t\t\t\t\t<h1 class=\"elementor-heading-title elementor-size-default\">IVF Tedavileri<\/h1>\t\t\t\t<\/div>\n\t\t\t\t<div class=\"elementor-element elementor-element-585f4253 elementor-widget elementor-widget-text-editor\" data-id=\"585f4253\" data-element_type=\"widget\" data-e-type=\"widget\" data-widget_type=\"text-editor.default\">\n\t\t\t\t\t\t\t\t\t<p>Sundu\u011fumuz ameliyatlar\u0131 ke\u015ffedin<\/p>\t\t\t\t\t\t\t\t<\/div>\n\t\t\t\t<div class=\"elementor-element elementor-element-20e86602 elementor-align-center elementor-widget elementor-widget-button\" data-id=\"20e86602\" data-element_type=\"widget\" data-e-type=\"widget\" data-widget_type=\"button.default\">\n\t\t\t\t\t\t\t\t\t\t<a class=\"elementor-button elementor-button-link elementor-size-sm elementor-animation-grow\" href=\"https:\/\/wa.me\/00905447720772\">\n\t\t\t\t\t\t<span class=\"elementor-button-content-wrapper\">\n\t\t\t\t\t\t\t\t\t<span class=\"elementor-button-text\">\u00dccretsiz Dan\u0131\u015fmanl\u0131k<\/span>\n\t\t\t\t\t<\/span>\n\t\t\t\t\t<\/a>\n\t\t\t\t\t\t\t\t<\/div>\n\t\t<div class=\"elementor-element elementor-element-1632471e e-grid e-con-full e-con e-child\" data-id=\"1632471e\" data-element_type=\"container\" data-e-type=\"container\">\n\t\t\t\t<div class=\"elementor-element elementor-element-5b2b4965 elementor-widget elementor-widget-image\" data-id=\"5b2b4965\" data-element_type=\"widget\" data-e-type=\"widget\" data-widget_type=\"image.default\">\n\t\t\t\t\t\t\t\t\t\t\t\t\t\t\t<img decoding=\"async\" src=\"https:\/\/www.mustafaaydinol.com\/wp-content\/uploads\/elementor\/thumbs\/Logo_of_Ministry_of_Health_Turkey-scaled-1-rfh0twn0pive3z8npy1t7f42zxo1nq7qul0h3557q4.png\" title=\"Logo_of_Ministry_of_Health_Turkey-scaled.png\" alt=\"Logo_of_Ministry_of_Health_Turkey-scaled.png\" loading=\"lazy\" \/>\t\t\t\t\t\t\t\t\t\t\t\t\t\t\t<\/div>\n\t\t\t\t<div class=\"elementor-element elementor-element-1582475b elementor-widget elementor-widget-image\" data-id=\"1582475b\" data-element_type=\"widget\" data-e-type=\"widget\" data-widget_type=\"image.default\">\n\t\t\t\t\t\t\t\t\t\t\t\t\t\t\t<img fetchpriority=\"high\" decoding=\"async\" width=\"720\" height=\"405\" src=\"https:\/\/www.mustafaaydinol.com\/wp-content\/uploads\/2025\/11\/TPRECD_logo.svg\" class=\"attachment-large size-large wp-image-12118\" alt=\"\" \/>\t\t\t\t\t\t\t\t\t\t\t\t\t\t\t<\/div>\n\t\t\t\t<div class=\"elementor-element elementor-element-592b9887 elementor-widget elementor-widget-image\" data-id=\"592b9887\" data-element_type=\"widget\" data-e-type=\"widget\" data-widget_type=\"image.default\">\n\t\t\t\t\t\t\t\t\t\t\t\t\t\t\t<img decoding=\"async\" width=\"800\" height=\"311\" src=\"https:\/\/www.mustafaaydinol.com\/wp-content\/uploads\/2025\/11\/isaps-logo-full.webp\" class=\"attachment-large size-large wp-image-12073\" alt=\"\" srcset=\"https:\/\/www.mustafaaydinol.com\/wp-content\/uploads\/2025\/11\/isaps-logo-full.webp 931w, https:\/\/www.mustafaaydinol.com\/wp-content\/uploads\/2025\/11\/isaps-logo-full-300x117.webp 300w, https:\/\/www.mustafaaydinol.com\/wp-content\/uploads\/2025\/11\/isaps-logo-full-768x299.webp 768w\" sizes=\"(max-width: 800px) 100vw, 800px\" \/>\t\t\t\t\t\t\t\t\t\t\t\t\t\t\t<\/div>\n\t\t\t\t<\/div>\n\t\t\t\t<div class=\"elementor-element elementor-element-2c317b70 elementor-widget-divider--view-line elementor-widget elementor-widget-divider\" data-id=\"2c317b70\" data-element_type=\"widget\" data-e-type=\"widget\" data-widget_type=\"divider.default\">\n\t\t\t\t\t\t\t<div class=\"elementor-divider\">\n\t\t\t<span class=\"elementor-divider-separator\">\n\t\t\t\t\t\t<\/span>\n\t\t<\/div>\n\t\t\t\t\t\t<\/div>\n\t\t\t\t<div class=\"elementor-element elementor-element-9f7a396 elementor-widget elementor-widget-heading\" data-id=\"9f7a396\" data-element_type=\"widget\" data-e-type=\"widget\" data-widget_type=\"heading.default\">\n\t\t\t\t\t<h1 class=\"elementor-heading-title elementor-size-default\">IVF, ilk umuttan b\u00fcy\u00fcyen aileye kadar u\u00e7tan uca y\u00f6netilir.<\/h1>\t\t\t\t<\/div>\n\t\t\t\t<div class=\"elementor-element elementor-element-58ee14e9 elementor-widget elementor-widget-image\" data-id=\"58ee14e9\" data-element_type=\"widget\" data-e-type=\"widget\" data-widget_type=\"image.default\">\n\t\t\t\t\t\t\t\t\t\t\t\t\t\t\t<img decoding=\"async\" width=\"768\" height=\"512\" src=\"https:\/\/www.mustafaaydinol.com\/wp-content\/uploads\/2025\/12\/shutterstock_2192791583-768x512.jpg\" class=\"attachment-medium_large size-medium_large wp-image-14199\" alt=\"\" srcset=\"https:\/\/www.mustafaaydinol.com\/wp-content\/uploads\/2025\/12\/shutterstock_2192791583-768x512.jpg 768w, https:\/\/www.mustafaaydinol.com\/wp-content\/uploads\/2025\/12\/shutterstock_2192791583-300x200.jpg 300w, https:\/\/www.mustafaaydinol.com\/wp-content\/uploads\/2025\/12\/shutterstock_2192791583-1024x683.jpg 1024w, https:\/\/www.mustafaaydinol.com\/wp-content\/uploads\/2025\/12\/shutterstock_2192791583-1536x1024.jpg 1536w, https:\/\/www.mustafaaydinol.com\/wp-content\/uploads\/2025\/12\/shutterstock_2192791583-2048x1365.jpg 2048w\" sizes=\"(max-width: 768px) 100vw, 768px\" \/>\t\t\t\t\t\t\t\t\t\t\t\t\t\t\t<\/div>\n\t\t\t\t<div class=\"elementor-element elementor-element-53806728 elementor-widget-divider--view-line elementor-widget elementor-widget-divider\" data-id=\"53806728\" data-element_type=\"widget\" data-e-type=\"widget\" data-widget_type=\"divider.default\">\n\t\t\t\t\t\t\t<div class=\"elementor-divider\">\n\t\t\t<span class=\"elementor-divider-separator\">\n\t\t\t\t\t\t<\/span>\n\t\t<\/div>\n\t\t\t\t\t\t<\/div>\n\t\t\t\t<div class=\"elementor-element elementor-element-1a174ecb elementor-invisible elementor-widget elementor-widget-heading\" data-id=\"1a174ecb\" data-element_type=\"widget\" data-e-type=\"widget\" data-settings=\"{&quot;_animation&quot;:&quot;fadeIn&quot;}\" data-widget_type=\"heading.default\">\n\t\t\t\t\t<h2 class=\"elementor-heading-title elementor-size-default\">Sizi \u0130stanbul'daki \u00f6nde gelen do\u011furganl\u0131k uzmanlar\u0131 ve sertifikal\u0131 IVF merkezleri ile e\u015fle\u015ftiriyoruz. <br><br>Her \u015feyi koordine ediyoruz: De\u011ferlendirme, \u0130la\u00e7 protokol\u00fc, Yumurta toplama ve Transfer, Klinik, Otel ve Transferler.<\/h2>\t\t\t\t<\/div>\n\t\t\t\t<div class=\"elementor-element elementor-element-fa9169a elementor-widget-divider--view-line elementor-widget elementor-widget-divider\" data-id=\"fa9169a\" data-element_type=\"widget\" data-e-type=\"widget\" data-widget_type=\"divider.default\">\n\t\t\t\t\t\t\t<div class=\"elementor-divider\">\n\t\t\t<span class=\"elementor-divider-separator\">\n\t\t\t\t\t\t<\/span>\n\t\t<\/div>\n\t\t\t\t\t\t<\/div>\n\t\t\t\t<div class=\"elementor-element elementor-element-36608f83 elementor-invisible elementor-widget elementor-widget-heading\" data-id=\"36608f83\" data-element_type=\"widget\" data-e-type=\"widget\" data-settings=\"{&quot;_animation&quot;:&quot;fadeIn&quot;}\" data-widget_type=\"heading.default\">\n\t\t\t\t\t<h2 class=\"elementor-heading-title elementor-size-default\">Hayalinizdeki aileye odaklan\u0131n; gerisini biz hallederiz.<\/h2>\t\t\t\t<\/div>\n\t\t\t\t<div class=\"elementor-element elementor-element-1390ded1 elementor-widget-divider--view-line elementor-widget elementor-widget-divider\" data-id=\"1390ded1\" data-element_type=\"widget\" data-e-type=\"widget\" data-widget_type=\"divider.default\">\n\t\t\t\t\t\t\t<div class=\"elementor-divider\">\n\t\t\t<span class=\"elementor-divider-separator\">\n\t\t\t\t\t\t<\/span>\n\t\t<\/div>\n\t\t\t\t\t\t<\/div>\n\t\t\t\t\t<\/div>\n\t\t\t\t<\/div>\n\t\t<div class=\"elementor-element elementor-element-4a5d7772 e-grid e-con-boxed e-con e-parent\" data-id=\"4a5d7772\" data-element_type=\"container\" data-e-type=\"container\">\n\t\t\t\t\t<div class=\"e-con-inner\">\n\t\t\t\t<div class=\"elementor-element elementor-element-547944a9 elementor-widget elementor-widget-text-editor\" data-id=\"547944a9\" data-element_type=\"widget\" data-e-type=\"widget\" data-widget_type=\"text-editor.default\">\n\t\t\t\t\t\t\t\t\t<h3 style=\"text-align: center;\" data-path-to-node=\"11,0,0\"><span style=\"color: #ff6600;\"><b>IVF ve ICSI Tedavisi (Y\u00fcksek ba\u015far\u0131 oranlar\u0131)<\/b><\/span><\/h3><h3 style=\"text-align: center;\" data-path-to-node=\"11,1,0\"><span style=\"color: #ff6600;\"><b>Genetik Tarama (Sa\u011fl\u0131kl\u0131 embriyolar i\u00e7in PGD \/ NGS)<\/b><\/span><\/h3><h3 style=\"text-align: center;\" data-path-to-node=\"11,2,0\"><span style=\"color: #ff6600;\"><b>Erkek \u0130nfertilitesi \u00c7\u00f6z\u00fcmleri (Mikro TESE)<\/b><\/span><\/h3><h3 style=\"text-align: center;\" data-path-to-node=\"11,3,0\"><span style=\"color: #ff6600;\"><b>Yumurta ve Embriyo Dondurma<\/b><\/span><\/h3><h3 style=\"text-align: center;\" data-path-to-node=\"11,4,0\"><span style=\"color: #ff6600;\"><b>Tekrarlayan D\u00fc\u015f\u00fck De\u011ferlendirmesi<\/b><\/span><\/h3>\t\t\t\t\t\t\t\t<\/div>\n\t\t\t\t\t<\/div>\n\t\t\t\t<\/div>\n\t\t<div class=\"elementor-element elementor-element-3bad8332 e-flex e-con-boxed e-con e-parent\" data-id=\"3bad8332\" data-element_type=\"container\" data-e-type=\"container\">\n\t\t\t\t\t<div class=\"e-con-inner\">\n\t\t\t\t<div class=\"elementor-element elementor-element-2256a942 elementor-align-center elementor-widget elementor-widget-button\" data-id=\"2256a942\" data-element_type=\"widget\" data-e-type=\"widget\" data-widget_type=\"button.default\">\n\t\t\t\t\t\t\t\t\t\t<a class=\"elementor-button elementor-button-link elementor-size-sm\" href=\"tel:%20+905447720772\">\n\t\t\t\t\t\t<span class=\"elementor-button-content-wrapper\">\n\t\t\t\t\t\t\t\t\t<span class=\"elementor-button-text\">Kons\u00fcltasyon \u0130\u00e7in \u015eimdi Bize Ula\u015f\u0131n +90 544 772 07 72<\/span>\n\t\t\t\t\t<\/span>\n\t\t\t\t\t<\/a>\n\t\t\t\t\t\t\t\t<\/div>\n\t\t\t\t\t<\/div>\n\t\t\t\t<\/div>\n\t\t\t\t<\/div>\n\t\t","protected":false},"excerpt":{"rendered":"<p>IVF Tedavileri Sundu\u011fumuz ameliyatlar\u0131 ke\u015ffedin \u00dccretsiz Dan\u0131\u015fmanl\u0131k IVF, ilk umuttan b\u00fcy\u00fcyen aileye kadar u\u00e7tan uca y\u00f6netilir. Sizi \u0130stanbul&#8217;daki \u00f6nde gelen do\u011furganl\u0131k uzmanlar\u0131 ve sertifikal\u0131 IVF merkezleri ile e\u015fle\u015ftiriyoruz. Her \u015feyi koordine ediyoruz: De\u011ferlendirme, \u0130la\u00e7 protokol\u00fc, Yumurta toplama ve Transfer, Klinik, Otel ve Transferler. Hayalinizdeki aileye odaklan\u0131n; gerisini biz hallederiz. IVF ve ICSI Tedavisi (Y\u00fcksek ba\u015far\u0131 [&hellip;]<\/p>\n","protected":false},"author":3,"featured_media":0,"parent":0,"menu_order":0,"comment_status":"closed","ping_status":"closed","template":"","meta":{"footnotes":""},"class_list":["post-13100","page","type-page","status-publish","hentry"],"yoast_head":"<!-- This site is optimized with the Yoast SEO Premium plugin v26.6 (Yoast SEO v26.6) - https:\/\/yoast.com\/wordpress\/plugins\/seo\/ -->\n<title>T\u00dcP BEBEK - Op. Dr. M.Mustafa Ayd\u0131nol<\/title>\n<meta name=\"description\" content=\"We offer individualized various health services according to your needs. You enjoy your trip we will take care the rest.\" \/>\n<meta name=\"robots\" content=\"index, follow, max-snippet:-1, max-image-preview:large, max-video-preview:-1\" \/>\n<link rel=\"canonical\" href=\"https:\/\/www.mustafaaydinol.com\/tr\/tup-bebek\/\" \/>\n<meta property=\"og:locale\" content=\"tr_TR\" \/>\n<meta property=\"og:type\" content=\"article\" \/>\n<meta property=\"og:title\" content=\"T\u00dcP BEBEK Plastic Surgery and More\" \/>\n<meta property=\"og:description\" content=\"We offer individualized various health services according to your needs. You enjoy your trip we will take care the rest.\" \/>\n<meta property=\"og:url\" content=\"https:\/\/www.mustafaaydinol.com\/tr\/tup-bebek\/\" \/>\n<meta property=\"og:site_name\" content=\"Op. Dr. M.Mustafa Ayd\u0131nol\" \/>\n<meta property=\"article:modified_time\" content=\"2025-12-10T17:19:57+00:00\" \/>\n<meta property=\"og:image\" content=\"https:\/\/www.mustafaaydinol.com\/wp-content\/uploads\/elementor\/thumbs\/Logo_of_Ministry_of_Health_Turkey-scaled-1-rfh0twn0pive3z8npy1t7f42zxo1nq7qul0h3557q4.png\" \/>\n<meta name=\"twitter:card\" content=\"summary_large_image\" \/>\n<meta name=\"twitter:label1\" content=\"Tahmini okuma s\u00fcresi\" \/>\n\t<meta name=\"twitter:data1\" content=\"1 dakika\" \/>\n<script type=\"application\/ld+json\" class=\"yoast-schema-graph\">{\"@context\":\"https:\/\/schema.org\",\"@graph\":[{\"@type\":\"WebPage\",\"@id\":\"https:\/\/www.mustafaaydinol.com\/tr\/tup-bebek\/\",\"url\":\"https:\/\/www.mustafaaydinol.com\/tr\/tup-bebek\/\",\"name\":\"T\u00dcP BEBEK - Op. Dr. M.Mustafa Ayd\u0131nol\",\"isPartOf\":{\"@id\":\"https:\/\/www.mustafaaydinol.com\/tr\/#website\"},\"primaryImageOfPage\":{\"@id\":\"https:\/\/www.mustafaaydinol.com\/tr\/tup-bebek\/#primaryimage\"},\"image\":{\"@id\":\"https:\/\/www.mustafaaydinol.com\/tr\/tup-bebek\/#primaryimage\"},\"thumbnailUrl\":\"https:\/\/www.mustafaaydinol.com\/wp-content\/uploads\/elementor\/thumbs\/Logo_of_Ministry_of_Health_Turkey-scaled-1-rfh0twn0pive3z8npy1t7f42zxo1nq7qul0h3557q4.png\",\"datePublished\":\"2025-12-02T13:59:13+00:00\",\"dateModified\":\"2025-12-10T17:19:57+00:00\",\"description\":\"We offer individualized various health services according to your needs. You enjoy your trip we will take care the rest.\",\"breadcrumb\":{\"@id\":\"https:\/\/www.mustafaaydinol.com\/tr\/tup-bebek\/#breadcrumb\"},\"inLanguage\":\"tr\",\"potentialAction\":[{\"@type\":\"ReadAction\",\"target\":[\"https:\/\/www.mustafaaydinol.com\/tr\/tup-bebek\/\"]}]},{\"@type\":\"ImageObject\",\"inLanguage\":\"tr\",\"@id\":\"https:\/\/www.mustafaaydinol.com\/tr\/tup-bebek\/#primaryimage\",\"url\":\"https:\/\/www.mustafaaydinol.com\/wp-content\/uploads\/elementor\/thumbs\/Logo_of_Ministry_of_Health_Turkey-scaled-1-rfh0twn0pive3z8npy1t7f42zxo1nq7qul0h3557q4.png\",\"contentUrl\":\"https:\/\/www.mustafaaydinol.com\/wp-content\/uploads\/elementor\/thumbs\/Logo_of_Ministry_of_Health_Turkey-scaled-1-rfh0twn0pive3z8npy1t7f42zxo1nq7qul0h3557q4.png\"},{\"@type\":\"BreadcrumbList\",\"@id\":\"https:\/\/www.mustafaaydinol.com\/tr\/tup-bebek\/#breadcrumb\",\"itemListElement\":[{\"@type\":\"ListItem\",\"position\":1,\"name\":\"Anasayfa\",\"item\":\"https:\/\/www.mustafaaydinol.com\/tr\/\"},{\"@type\":\"ListItem\",\"position\":2,\"name\":\"T\u00dcP BEBEK\"}]},{\"@type\":\"WebSite\",\"@id\":\"https:\/\/www.mustafaaydinol.com\/tr\/#website\",\"url\":\"https:\/\/www.mustafaaydinol.com\/tr\/\",\"name\":\"Op. Dr. M.Mustafa Ayd\u0131nol\",\"description\":\"Estetik, Plastik ve Rekonstr\u00fcktif Cerrahi Uzman\u0131\",\"publisher\":{\"@id\":\"https:\/\/www.mustafaaydinol.com\/tr\/#organization\"},\"potentialAction\":[{\"@type\":\"SearchAction\",\"target\":{\"@type\":\"EntryPoint\",\"urlTemplate\":\"https:\/\/www.mustafaaydinol.com\/tr\/?s={search_term_string}\"},\"query-input\":{\"@type\":\"PropertyValueSpecification\",\"valueRequired\":true,\"valueName\":\"search_term_string\"}}],\"inLanguage\":\"tr\"},{\"@type\":\"Organization\",\"@id\":\"https:\/\/www.mustafaaydinol.com\/tr\/#organization\",\"name\":\"Op. Dr. M.Mustafa Ayd\u0131nol\",\"url\":\"https:\/\/www.mustafaaydinol.com\/tr\/\",\"logo\":{\"@type\":\"ImageObject\",\"inLanguage\":\"tr\",\"@id\":\"https:\/\/www.mustafaaydinol.com\/tr\/#\/schema\/logo\/image\/\",\"url\":\"https:\/\/www.mustafaaydinol.com\/wp-content\/uploads\/2024\/06\/cropped-cropped-Adsiz-tasarim-3.png\",\"contentUrl\":\"https:\/\/www.mustafaaydinol.com\/wp-content\/uploads\/2024\/06\/cropped-cropped-Adsiz-tasarim-3.png\",\"width\":281,\"height\":220,\"caption\":\"Op. Dr. M.Mustafa Ayd\u0131nol \"},\"image\":{\"@id\":\"https:\/\/www.mustafaaydinol.com\/tr\/#\/schema\/logo\/image\/\"}}]}<\/script>\n<!-- \/ Yoast SEO Premium plugin. -->","yoast_head_json":{"title":"T\u00dcP BEBEK - Op. Dr. M.Mustafa Ayd\u0131nol","description":"We offer individualized various health services according to your needs. You enjoy your trip we will take care the rest.","robots":{"index":"index","follow":"follow","max-snippet":"max-snippet:-1","max-image-preview":"max-image-preview:large","max-video-preview":"max-video-preview:-1"},"canonical":"https:\/\/www.mustafaaydinol.com\/tr\/tup-bebek\/","og_locale":"tr_TR","og_type":"article","og_title":"T\u00dcP BEBEK Plastic Surgery and More","og_description":"We offer individualized various health services according to your needs. You enjoy your trip we will take care the rest.","og_url":"https:\/\/www.mustafaaydinol.com\/tr\/tup-bebek\/","og_site_name":"Op. Dr. M.Mustafa Ayd\u0131nol","article_modified_time":"2025-12-10T17:19:57+00:00","og_image":[{"url":"https:\/\/www.mustafaaydinol.com\/wp-content\/uploads\/elementor\/thumbs\/Logo_of_Ministry_of_Health_Turkey-scaled-1-rfh0twn0pive3z8npy1t7f42zxo1nq7qul0h3557q4.png","type":"","width":"","height":""}],"twitter_card":"summary_large_image","twitter_misc":{"Tahmini okuma s\u00fcresi":"1 dakika"},"schema":{"@context":"https:\/\/schema.org","@graph":[{"@type":"WebPage","@id":"https:\/\/www.mustafaaydinol.com\/tr\/tup-bebek\/","url":"https:\/\/www.mustafaaydinol.com\/tr\/tup-bebek\/","name":"T\u00dcP BEBEK - Op. Dr. M.Mustafa Ayd\u0131nol","isPartOf":{"@id":"https:\/\/www.mustafaaydinol.com\/tr\/#website"},"primaryImageOfPage":{"@id":"https:\/\/www.mustafaaydinol.com\/tr\/tup-bebek\/#primaryimage"},"image":{"@id":"https:\/\/www.mustafaaydinol.com\/tr\/tup-bebek\/#primaryimage"},"thumbnailUrl":"https:\/\/www.mustafaaydinol.com\/wp-content\/uploads\/elementor\/thumbs\/Logo_of_Ministry_of_Health_Turkey-scaled-1-rfh0twn0pive3z8npy1t7f42zxo1nq7qul0h3557q4.png","datePublished":"2025-12-02T13:59:13+00:00","dateModified":"2025-12-10T17:19:57+00:00","description":"We offer individualized various health services according to your needs. You enjoy your trip we will take care the rest.","breadcrumb":{"@id":"https:\/\/www.mustafaaydinol.com\/tr\/tup-bebek\/#breadcrumb"},"inLanguage":"tr","potentialAction":[{"@type":"ReadAction","target":["https:\/\/www.mustafaaydinol.com\/tr\/tup-bebek\/"]}]},{"@type":"ImageObject","inLanguage":"tr","@id":"https:\/\/www.mustafaaydinol.com\/tr\/tup-bebek\/#primaryimage","url":"https:\/\/www.mustafaaydinol.com\/wp-content\/uploads\/elementor\/thumbs\/Logo_of_Ministry_of_Health_Turkey-scaled-1-rfh0twn0pive3z8npy1t7f42zxo1nq7qul0h3557q4.png","contentUrl":"https:\/\/www.mustafaaydinol.com\/wp-content\/uploads\/elementor\/thumbs\/Logo_of_Ministry_of_Health_Turkey-scaled-1-rfh0twn0pive3z8npy1t7f42zxo1nq7qul0h3557q4.png"},{"@type":"BreadcrumbList","@id":"https:\/\/www.mustafaaydinol.com\/tr\/tup-bebek\/#breadcrumb","itemListElement":[{"@type":"ListItem","position":1,"name":"Anasayfa","item":"https:\/\/www.mustafaaydinol.com\/tr\/"},{"@type":"ListItem","position":2,"name":"T\u00dcP BEBEK"}]},{"@type":"WebSite","@id":"https:\/\/www.mustafaaydinol.com\/tr\/#website","url":"https:\/\/www.mustafaaydinol.com\/tr\/","name":"Op. Dr. M.Mustafa Ayd\u0131nol","description":"Estetik, Plastik ve Rekonstr\u00fcktif Cerrahi Uzman\u0131","publisher":{"@id":"https:\/\/www.mustafaaydinol.com\/tr\/#organization"},"potentialAction":[{"@type":"SearchAction","target":{"@type":"EntryPoint","urlTemplate":"https:\/\/www.mustafaaydinol.com\/tr\/?s={search_term_string}"},"query-input":{"@type":"PropertyValueSpecification","valueRequired":true,"valueName":"search_term_string"}}],"inLanguage":"tr"},{"@type":"Organization","@id":"https:\/\/www.mustafaaydinol.com\/tr\/#organization","name":"Op. Dr. M.Mustafa Ayd\u0131nol","url":"https:\/\/www.mustafaaydinol.com\/tr\/","logo":{"@type":"ImageObject","inLanguage":"tr","@id":"https:\/\/www.mustafaaydinol.com\/tr\/#\/schema\/logo\/image\/","url":"https:\/\/www.mustafaaydinol.com\/wp-content\/uploads\/2024\/06\/cropped-cropped-Adsiz-tasarim-3.png","contentUrl":"https:\/\/www.mustafaaydinol.com\/wp-content\/uploads\/2024\/06\/cropped-cropped-Adsiz-tasarim-3.png","width":281,"height":220,"caption":"Op. Dr. M.Mustafa Ayd\u0131nol "},"image":{"@id":"https:\/\/www.mustafaaydinol.com\/tr\/#\/schema\/logo\/image\/"}}]}},"_links":{"self":[{"href":"https:\/\/www.mustafaaydinol.com\/tr\/wp-json\/wp\/v2\/pages\/13100","targetHints":{"allow":["GET"]}}],"collection":[{"href":"https:\/\/www.mustafaaydinol.com\/tr\/wp-json\/wp\/v2\/pages"}],"about":[{"href":"https:\/\/www.mustafaaydinol.com\/tr\/wp-json\/wp\/v2\/types\/page"}],"author":[{"embeddable":true,"href":"https:\/\/www.mustafaaydinol.com\/tr\/wp-json\/wp\/v2\/users\/3"}],"replies":[{"embeddable":true,"href":"https:\/\/www.mustafaaydinol.com\/tr\/wp-json\/wp\/v2\/comments?post=13100"}],"version-history":[{"count":4,"href":"https:\/\/www.mustafaaydinol.com\/tr\/wp-json\/wp\/v2\/pages\/13100\/revisions"}],"predecessor-version":[{"id":14244,"href":"https:\/\/www.mustafaaydinol.com\/tr\/wp-json\/wp\/v2\/pages\/13100\/revisions\/14244"}],"wp:attachment":[{"href":"https:\/\/www.mustafaaydinol.com\/tr\/wp-json\/wp\/v2\/media?parent=13100"}],"curies":[{"name":"wp","href":"https:\/\/api.w.org\/{rel}","templated":true}]}}