{"id":13118,"date":"2025-12-02T16:59:50","date_gmt":"2025-12-02T13:59:50","guid":{"rendered":"https:\/\/www.mustafaaydinol.com\/saglik-cozumleri\/"},"modified":"2025-12-14T13:30:00","modified_gmt":"2025-12-14T10:30:00","slug":"saglik-cozumleri","status":"publish","type":"page","link":"https:\/\/www.mustafaaydinol.com\/tr\/saglik-cozumleri\/","title":{"rendered":"Sa\u011fl\u0131k \u00c7\u00f6z\u00fcmleri"},"content":{"rendered":"\t\t<div data-elementor-type=\"wp-page\" data-elementor-id=\"13118\" class=\"elementor elementor-13118 elementor-12429\" data-elementor-post-type=\"page\">\n\t\t\t\t<div class=\"elementor-element elementor-element-530774e7 e-flex e-con-boxed e-con e-parent\" data-id=\"530774e7\" data-element_type=\"container\" data-e-type=\"container\">\n\t\t\t\t\t<div class=\"e-con-inner\">\n\t\t\t\t<div class=\"elementor-element elementor-element-4e60aa6c elementor-widget elementor-widget-heading\" data-id=\"4e60aa6c\" data-element_type=\"widget\" data-e-type=\"widget\" data-widget_type=\"heading.default\">\n\t\t\t\t\t<h1 class=\"elementor-heading-title elementor-size-default\">Sa\u011fl\u0131k \u00c7\u00f6z\u00fcmleri<\/h1>\t\t\t\t<\/div>\n\t\t\t\t<div class=\"elementor-element elementor-element-f58c66e elementor-widget elementor-widget-text-editor\" data-id=\"f58c66e\" data-element_type=\"widget\" data-e-type=\"widget\" data-widget_type=\"text-editor.default\">\n\t\t\t\t\t\t\t\t\t<p>Sundu\u011fumuz ameliyatlar\u0131 ke\u015ffedin<\/p>\t\t\t\t\t\t\t\t<\/div>\n\t\t\t\t<div class=\"elementor-element elementor-element-1337510a elementor-align-center elementor-widget elementor-widget-button\" data-id=\"1337510a\" data-element_type=\"widget\" data-e-type=\"widget\" data-widget_type=\"button.default\">\n\t\t\t\t\t\t\t\t\t\t<a class=\"elementor-button elementor-button-link elementor-size-sm elementor-animation-grow\" href=\"https:\/\/wa.me\/00905447720772\">\n\t\t\t\t\t\t<span class=\"elementor-button-content-wrapper\">\n\t\t\t\t\t\t\t\t\t<span class=\"elementor-button-text\">\u00dccretsiz Dan\u0131\u015fmanl\u0131k<\/span>\n\t\t\t\t\t<\/span>\n\t\t\t\t\t<\/a>\n\t\t\t\t\t\t\t\t<\/div>\n\t\t<div class=\"elementor-element elementor-element-263d942d e-grid e-con-full e-con e-child\" data-id=\"263d942d\" data-element_type=\"container\" data-e-type=\"container\">\n\t\t\t\t<div class=\"elementor-element elementor-element-10dca445 elementor-widget elementor-widget-image\" data-id=\"10dca445\" data-element_type=\"widget\" data-e-type=\"widget\" data-widget_type=\"image.default\">\n\t\t\t\t\t\t\t\t\t\t\t\t\t\t\t<img decoding=\"async\" src=\"https:\/\/www.mustafaaydinol.com\/wp-content\/uploads\/elementor\/thumbs\/Logo_of_Ministry_of_Health_Turkey-scaled-1-rfh0twn0pive3z8npy1t7f42zxo1nq7qul0h3557q4.png\" title=\"Logo_of_Ministry_of_Health_Turkey-scaled.png\" alt=\"Logo_of_Ministry_of_Health_Turkey-scaled.png\" loading=\"lazy\" \/>\t\t\t\t\t\t\t\t\t\t\t\t\t\t\t<\/div>\n\t\t\t\t<div class=\"elementor-element elementor-element-76b1998 elementor-widget elementor-widget-image\" data-id=\"76b1998\" data-element_type=\"widget\" data-e-type=\"widget\" data-widget_type=\"image.default\">\n\t\t\t\t\t\t\t\t\t\t\t\t\t\t\t<img fetchpriority=\"high\" decoding=\"async\" width=\"720\" height=\"405\" src=\"https:\/\/www.mustafaaydinol.com\/wp-content\/uploads\/2025\/11\/TPRECD_logo.svg\" class=\"attachment-large size-large wp-image-12118\" alt=\"\" \/>\t\t\t\t\t\t\t\t\t\t\t\t\t\t\t<\/div>\n\t\t\t\t<div class=\"elementor-element elementor-element-239b5059 elementor-widget elementor-widget-image\" data-id=\"239b5059\" data-element_type=\"widget\" data-e-type=\"widget\" data-widget_type=\"image.default\">\n\t\t\t\t\t\t\t\t\t\t\t\t\t\t\t<img decoding=\"async\" width=\"800\" height=\"311\" src=\"https:\/\/www.mustafaaydinol.com\/wp-content\/uploads\/2025\/11\/isaps-logo-full.webp\" class=\"attachment-large size-large wp-image-12073\" alt=\"\" srcset=\"https:\/\/www.mustafaaydinol.com\/wp-content\/uploads\/2025\/11\/isaps-logo-full.webp 931w, https:\/\/www.mustafaaydinol.com\/wp-content\/uploads\/2025\/11\/isaps-logo-full-300x117.webp 300w, https:\/\/www.mustafaaydinol.com\/wp-content\/uploads\/2025\/11\/isaps-logo-full-768x299.webp 768w\" sizes=\"(max-width: 800px) 100vw, 800px\" \/>\t\t\t\t\t\t\t\t\t\t\t\t\t\t\t<\/div>\n\t\t\t\t<\/div>\n\t\t\t\t<div class=\"elementor-element elementor-element-73359686 elementor-widget-divider--view-line elementor-widget elementor-widget-divider\" data-id=\"73359686\" data-element_type=\"widget\" data-e-type=\"widget\" data-widget_type=\"divider.default\">\n\t\t\t\t\t\t\t<div class=\"elementor-divider\">\n\t\t\t<span class=\"elementor-divider-separator\">\n\t\t\t\t\t\t<\/span>\n\t\t<\/div>\n\t\t\t\t\t\t<\/div>\n\t\t\t\t<div class=\"elementor-element elementor-element-600edf62 elementor-widget elementor-widget-heading\" data-id=\"600edf62\" data-element_type=\"widget\" data-e-type=\"widget\" data-widget_type=\"heading.default\">\n\t\t\t\t\t<h1 class=\"elementor-heading-title elementor-size-default\">Sa\u011fl\u0131k \u00c7\u00f6z\u00fcmlerini, ba\u015ftan sona ele al\u0131yoruz \u2014 ekstra destekten tam g\u00f6n\u00fcl rahatl\u0131\u011f\u0131na kadar.<\/h1>\t\t\t\t<\/div>\n\t\t\t\t<div class=\"elementor-element elementor-element-17ed0041 elementor-widget elementor-widget-image\" data-id=\"17ed0041\" data-element_type=\"widget\" data-e-type=\"widget\" data-widget_type=\"image.default\">\n\t\t\t\t\t\t\t\t\t\t\t\t\t\t\t<img decoding=\"async\" width=\"768\" height=\"512\" src=\"https:\/\/www.mustafaaydinol.com\/wp-content\/uploads\/2025\/12\/shutterstock_2570358635-768x512.jpg\" class=\"attachment-medium_large size-medium_large wp-image-14040\" alt=\"\" srcset=\"https:\/\/www.mustafaaydinol.com\/wp-content\/uploads\/2025\/12\/shutterstock_2570358635-768x512.jpg 768w, https:\/\/www.mustafaaydinol.com\/wp-content\/uploads\/2025\/12\/shutterstock_2570358635-300x200.jpg 300w, https:\/\/www.mustafaaydinol.com\/wp-content\/uploads\/2025\/12\/shutterstock_2570358635-1024x683.jpg 1024w, https:\/\/www.mustafaaydinol.com\/wp-content\/uploads\/2025\/12\/shutterstock_2570358635-1536x1024.jpg 1536w, https:\/\/www.mustafaaydinol.com\/wp-content\/uploads\/2025\/12\/shutterstock_2570358635-2048x1365.jpg 2048w\" sizes=\"(max-width: 768px) 100vw, 768px\" \/>\t\t\t\t\t\t\t\t\t\t\t\t\t\t\t<\/div>\n\t\t\t\t<div class=\"elementor-element elementor-element-57ec1526 elementor-widget-divider--view-line elementor-widget elementor-widget-divider\" data-id=\"57ec1526\" data-element_type=\"widget\" data-e-type=\"widget\" data-widget_type=\"divider.default\">\n\t\t\t\t\t\t\t<div class=\"elementor-divider\">\n\t\t\t<span class=\"elementor-divider-separator\">\n\t\t\t\t\t\t<\/span>\n\t\t<\/div>\n\t\t\t\t\t\t<\/div>\n\t\t\t\t<div class=\"elementor-element elementor-element-62a8b272 elementor-invisible elementor-widget elementor-widget-heading\" data-id=\"62a8b272\" data-element_type=\"widget\" data-e-type=\"widget\" data-settings=\"{&quot;_animation&quot;:&quot;fadeIn&quot;}\" data-widget_type=\"heading.default\">\n\t\t\t\t\t<h2 class=\"elementor-heading-title elementor-size-default\">\u0130stanbul'da size profesyonel t\u0131bbi destek ve refakat hizmetleri sunuyoruz. <br><br>Her \u015feyi koordine ediyoruz: Hem\u015fire ziyaretleri, Refakat\u00e7i e\u015fle\u015ftirmesi, Ameliyat sonras\u0131 bak\u0131m planlamas\u0131, Terc\u00fcmanl\u0131k ve Yerel rehberlik.<\/h2>\t\t\t\t<\/div>\n\t\t\t\t<div class=\"elementor-element elementor-element-3a42c030 elementor-widget-divider--view-line elementor-widget elementor-widget-divider\" data-id=\"3a42c030\" data-element_type=\"widget\" data-e-type=\"widget\" data-widget_type=\"divider.default\">\n\t\t\t\t\t\t\t<div class=\"elementor-divider\">\n\t\t\t<span class=\"elementor-divider-separator\">\n\t\t\t\t\t\t<\/span>\n\t\t<\/div>\n\t\t\t\t\t\t<\/div>\n\t\t\t\t<div class=\"elementor-element elementor-element-797404f6 elementor-invisible elementor-widget elementor-widget-heading\" data-id=\"797404f6\" data-element_type=\"widget\" data-e-type=\"widget\" data-settings=\"{&quot;_animation&quot;:&quot;fadeIn&quot;}\" data-widget_type=\"heading.default\">\n\t\t\t\t\t<h2 class=\"elementor-heading-title elementor-size-default\">Her ad\u0131mda kendinizi g\u00fcvende hissediyorsunuz; gerisini biz hallediyoruz.<\/h2>\t\t\t\t<\/div>\n\t\t\t\t<div class=\"elementor-element elementor-element-8cf9575 elementor-widget-divider--view-line elementor-widget elementor-widget-divider\" data-id=\"8cf9575\" data-element_type=\"widget\" data-e-type=\"widget\" data-widget_type=\"divider.default\">\n\t\t\t\t\t\t\t<div class=\"elementor-divider\">\n\t\t\t<span class=\"elementor-divider-separator\">\n\t\t\t\t\t\t<\/span>\n\t\t<\/div>\n\t\t\t\t\t\t<\/div>\n\t\t\t\t\t<\/div>\n\t\t\t\t<\/div>\n\t\t<div class=\"elementor-element elementor-element-23fcad8b e-grid e-con-boxed e-con e-parent\" data-id=\"23fcad8b\" data-element_type=\"container\" data-e-type=\"container\">\n\t\t\t\t\t<div class=\"e-con-inner\">\n\t\t\t\t<div class=\"elementor-element elementor-element-63eb3033 elementor-widget elementor-widget-text-editor\" data-id=\"63eb3033\" data-element_type=\"widget\" data-e-type=\"widget\" data-widget_type=\"text-editor.default\">\n\t\t\t\t\t\t\t\t\t<h3 style=\"text-align: center;\" data-path-to-node=\"12,0,0\"><span style=\"color: #ff6600;\"><b>Ameliyat Sonras\u0131 Bak\u0131m ve Hem\u015firelik (Pansuman de\u011fi\u015fimi, \u0130njeksiyonlar)<\/b><\/span><\/h3><h3 style=\"text-align: center;\" data-path-to-node=\"12,1,0\"><span style=\"color: #ff6600;\"><b>Lenfatik Drenaj Masaj\u0131 (Daha h\u0131zl\u0131 iyile\u015fme i\u00e7in)<\/b><\/span><\/h3><h3 style=\"text-align: center;\" data-path-to-node=\"12,2,0\"><span style=\"color: #ff6600;\"><b>Ameliyat Arkada\u015f\u0131 ve T\u0131bbi Refakat\u00e7i<\/b><\/span><\/h3><h3 style=\"text-align: center;\" data-path-to-node=\"12,3,0\"><span style=\"color: #ff6600;\"><b>7\/24 Acil Durum Dan\u0131\u015fmanl\u0131k Deste\u011fi<\/b><\/span><\/h3><h3 style=\"text-align: center;\" data-path-to-node=\"12,4,0\"><span style=\"color: #ff6600;\"><b>Di\u011fer T\u0131bbi Bran\u015flar i\u00e7in Rehberlik (Check-up, Dermatoloji, vb.)<\/b><\/span><\/h3>\t\t\t\t\t\t\t\t<\/div>\n\t\t\t\t\t<\/div>\n\t\t\t\t<\/div>\n\t\t<div class=\"elementor-element elementor-element-6f26593a e-flex e-con-boxed e-con e-parent\" data-id=\"6f26593a\" data-element_type=\"container\" data-e-type=\"container\">\n\t\t\t\t\t<div class=\"e-con-inner\">\n\t\t\t\t<div class=\"elementor-element elementor-element-4f57fedd elementor-align-center elementor-widget elementor-widget-button\" data-id=\"4f57fedd\" data-element_type=\"widget\" data-e-type=\"widget\" data-widget_type=\"button.default\">\n\t\t\t\t\t\t\t\t\t\t<a class=\"elementor-button elementor-button-link elementor-size-sm\" href=\"tel:%20+905447720772\">\n\t\t\t\t\t\t<span class=\"elementor-button-content-wrapper\">\n\t\t\t\t\t\t\t\t\t<span class=\"elementor-button-text\">Kons\u00fcltasyon \u0130\u00e7in \u015eimdi Bize Ula\u015f\u0131n +90 544 772 07 72<\/span>\n\t\t\t\t\t<\/span>\n\t\t\t\t\t<\/a>\n\t\t\t\t\t\t\t\t<\/div>\n\t\t\t\t\t<\/div>\n\t\t\t\t<\/div>\n\t\t\t\t<\/div>\n\t\t","protected":false},"excerpt":{"rendered":"<p>Sa\u011fl\u0131k \u00c7\u00f6z\u00fcmleri Sundu\u011fumuz ameliyatlar\u0131 ke\u015ffedin \u00dccretsiz Dan\u0131\u015fmanl\u0131k Sa\u011fl\u0131k \u00c7\u00f6z\u00fcmlerini, ba\u015ftan sona ele al\u0131yoruz \u2014 ekstra destekten tam g\u00f6n\u00fcl rahatl\u0131\u011f\u0131na kadar. \u0130stanbul&#8217;da size profesyonel t\u0131bbi destek ve refakat hizmetleri sunuyoruz. Her \u015feyi koordine ediyoruz: Hem\u015fire ziyaretleri, Refakat\u00e7i e\u015fle\u015ftirmesi, Ameliyat sonras\u0131 bak\u0131m planlamas\u0131, Terc\u00fcmanl\u0131k ve Yerel rehberlik. Her ad\u0131mda kendinizi g\u00fcvende hissediyorsunuz; gerisini biz hallediyoruz. Ameliyat Sonras\u0131 [&hellip;]<\/p>\n","protected":false},"author":3,"featured_media":0,"parent":0,"menu_order":0,"comment_status":"closed","ping_status":"closed","template":"","meta":{"footnotes":""},"class_list":["post-13118","page","type-page","status-publish","hentry"],"yoast_head":"<!-- This site is optimized with the Yoast SEO Premium plugin v26.6 (Yoast SEO v26.6) - https:\/\/yoast.com\/wordpress\/plugins\/seo\/ -->\n<title>T\u00fcrkiye&#039;de Herkes \u0130\u00e7in Sa\u011fl\u0131k \u00c7\u00f6z\u00fcmleri ve Hizmetleri - Op. Dr. M.Mustafa Ayd\u0131nol<\/title>\n<meta name=\"description\" content=\"Sizin i\u00e7in en iyi \u00e7\u00f6z\u00fcmleri ke\u015ffetmek \u00fczere \u00fccretsiz dan\u0131\u015fmanl\u0131k ile T\u00fcrkiye&#039;deki sa\u011fl\u0131k \u00e7\u00f6z\u00fcmlerini ve hizmetlerini ke\u015ffedin. Operasyon sonras\u0131 bak\u0131m, masaj ve daha fazlas\u0131\" \/>\n<meta name=\"robots\" content=\"index, follow, max-snippet:-1, max-image-preview:large, max-video-preview:-1\" \/>\n<link rel=\"canonical\" href=\"https:\/\/www.mustafaaydinol.com\/tr\/saglik-cozumleri\/\" \/>\n<meta property=\"og:locale\" content=\"tr_TR\" \/>\n<meta property=\"og:type\" content=\"article\" \/>\n<meta property=\"og:title\" content=\"Sa\u011fl\u0131k \u00c7\u00f6z\u00fcmleri Plastic Surgery and More\" \/>\n<meta property=\"og:description\" content=\"We offer individualized various health services according to your needs. You enjoy your trip we will take care the rest.\" \/>\n<meta property=\"og:url\" content=\"https:\/\/www.mustafaaydinol.com\/tr\/saglik-cozumleri\/\" \/>\n<meta property=\"og:site_name\" content=\"Op. Dr. M.Mustafa Ayd\u0131nol\" \/>\n<meta property=\"article:modified_time\" content=\"2025-12-14T10:30:00+00:00\" \/>\n<meta property=\"og:image\" content=\"https:\/\/www.mustafaaydinol.com\/wp-content\/uploads\/elementor\/thumbs\/Logo_of_Ministry_of_Health_Turkey-scaled-1-rfh0twn0pive3z8npy1t7f42zxo1nq7qul0h3557q4.png\" \/>\n<meta name=\"twitter:card\" content=\"summary_large_image\" \/>\n<meta name=\"twitter:label1\" content=\"Tahmini okuma s\u00fcresi\" \/>\n\t<meta name=\"twitter:data1\" content=\"1 dakika\" \/>\n<script type=\"application\/ld+json\" class=\"yoast-schema-graph\">{\"@context\":\"https:\/\/schema.org\",\"@graph\":[{\"@type\":\"WebPage\",\"@id\":\"https:\/\/www.mustafaaydinol.com\/tr\/saglik-cozumleri\/\",\"url\":\"https:\/\/www.mustafaaydinol.com\/tr\/saglik-cozumleri\/\",\"name\":\"T\u00fcrkiye'de Herkes \u0130\u00e7in Sa\u011fl\u0131k \u00c7\u00f6z\u00fcmleri ve Hizmetleri - Op. Dr. M.Mustafa Ayd\u0131nol\",\"isPartOf\":{\"@id\":\"https:\/\/www.mustafaaydinol.com\/tr\/#website\"},\"primaryImageOfPage\":{\"@id\":\"https:\/\/www.mustafaaydinol.com\/tr\/saglik-cozumleri\/#primaryimage\"},\"image\":{\"@id\":\"https:\/\/www.mustafaaydinol.com\/tr\/saglik-cozumleri\/#primaryimage\"},\"thumbnailUrl\":\"https:\/\/www.mustafaaydinol.com\/wp-content\/uploads\/elementor\/thumbs\/Logo_of_Ministry_of_Health_Turkey-scaled-1-rfh0twn0pive3z8npy1t7f42zxo1nq7qul0h3557q4.png\",\"datePublished\":\"2025-12-02T13:59:50+00:00\",\"dateModified\":\"2025-12-14T10:30:00+00:00\",\"description\":\"Sizin i\u00e7in en iyi \u00e7\u00f6z\u00fcmleri ke\u015ffetmek \u00fczere \u00fccretsiz dan\u0131\u015fmanl\u0131k ile T\u00fcrkiye'deki sa\u011fl\u0131k \u00e7\u00f6z\u00fcmlerini ve hizmetlerini ke\u015ffedin. Operasyon sonras\u0131 bak\u0131m, masaj ve daha fazlas\u0131\",\"breadcrumb\":{\"@id\":\"https:\/\/www.mustafaaydinol.com\/tr\/saglik-cozumleri\/#breadcrumb\"},\"inLanguage\":\"tr\",\"potentialAction\":[{\"@type\":\"ReadAction\",\"target\":[\"https:\/\/www.mustafaaydinol.com\/tr\/saglik-cozumleri\/\"]}]},{\"@type\":\"ImageObject\",\"inLanguage\":\"tr\",\"@id\":\"https:\/\/www.mustafaaydinol.com\/tr\/saglik-cozumleri\/#primaryimage\",\"url\":\"https:\/\/www.mustafaaydinol.com\/wp-content\/uploads\/elementor\/thumbs\/Logo_of_Ministry_of_Health_Turkey-scaled-1-rfh0twn0pive3z8npy1t7f42zxo1nq7qul0h3557q4.png\",\"contentUrl\":\"https:\/\/www.mustafaaydinol.com\/wp-content\/uploads\/elementor\/thumbs\/Logo_of_Ministry_of_Health_Turkey-scaled-1-rfh0twn0pive3z8npy1t7f42zxo1nq7qul0h3557q4.png\"},{\"@type\":\"BreadcrumbList\",\"@id\":\"https:\/\/www.mustafaaydinol.com\/tr\/saglik-cozumleri\/#breadcrumb\",\"itemListElement\":[{\"@type\":\"ListItem\",\"position\":1,\"name\":\"Anasayfa\",\"item\":\"https:\/\/www.mustafaaydinol.com\/tr\/\"},{\"@type\":\"ListItem\",\"position\":2,\"name\":\"Sa\u011fl\u0131k \u00c7\u00f6z\u00fcmleri\"}]},{\"@type\":\"WebSite\",\"@id\":\"https:\/\/www.mustafaaydinol.com\/tr\/#website\",\"url\":\"https:\/\/www.mustafaaydinol.com\/tr\/\",\"name\":\"Op. Dr. M.Mustafa Ayd\u0131nol\",\"description\":\"Estetik, Plastik ve Rekonstr\u00fcktif Cerrahi Uzman\u0131\",\"publisher\":{\"@id\":\"https:\/\/www.mustafaaydinol.com\/tr\/#organization\"},\"potentialAction\":[{\"@type\":\"SearchAction\",\"target\":{\"@type\":\"EntryPoint\",\"urlTemplate\":\"https:\/\/www.mustafaaydinol.com\/tr\/?s={search_term_string}\"},\"query-input\":{\"@type\":\"PropertyValueSpecification\",\"valueRequired\":true,\"valueName\":\"search_term_string\"}}],\"inLanguage\":\"tr\"},{\"@type\":\"Organization\",\"@id\":\"https:\/\/www.mustafaaydinol.com\/tr\/#organization\",\"name\":\"Op. Dr. M.Mustafa Ayd\u0131nol\",\"url\":\"https:\/\/www.mustafaaydinol.com\/tr\/\",\"logo\":{\"@type\":\"ImageObject\",\"inLanguage\":\"tr\",\"@id\":\"https:\/\/www.mustafaaydinol.com\/tr\/#\/schema\/logo\/image\/\",\"url\":\"https:\/\/www.mustafaaydinol.com\/wp-content\/uploads\/2024\/06\/cropped-cropped-Adsiz-tasarim-3.png\",\"contentUrl\":\"https:\/\/www.mustafaaydinol.com\/wp-content\/uploads\/2024\/06\/cropped-cropped-Adsiz-tasarim-3.png\",\"width\":281,\"height\":220,\"caption\":\"Op. Dr. M.Mustafa Ayd\u0131nol \"},\"image\":{\"@id\":\"https:\/\/www.mustafaaydinol.com\/tr\/#\/schema\/logo\/image\/\"}}]}<\/script>\n<!-- \/ Yoast SEO Premium plugin. -->","yoast_head_json":{"title":"T\u00fcrkiye'de Herkes \u0130\u00e7in Sa\u011fl\u0131k \u00c7\u00f6z\u00fcmleri ve Hizmetleri - Op. Dr. M.Mustafa Ayd\u0131nol","description":"Sizin i\u00e7in en iyi \u00e7\u00f6z\u00fcmleri ke\u015ffetmek \u00fczere \u00fccretsiz dan\u0131\u015fmanl\u0131k ile T\u00fcrkiye'deki sa\u011fl\u0131k \u00e7\u00f6z\u00fcmlerini ve hizmetlerini ke\u015ffedin. Operasyon sonras\u0131 bak\u0131m, masaj ve daha fazlas\u0131","robots":{"index":"index","follow":"follow","max-snippet":"max-snippet:-1","max-image-preview":"max-image-preview:large","max-video-preview":"max-video-preview:-1"},"canonical":"https:\/\/www.mustafaaydinol.com\/tr\/saglik-cozumleri\/","og_locale":"tr_TR","og_type":"article","og_title":"Sa\u011fl\u0131k \u00c7\u00f6z\u00fcmleri Plastic Surgery and More","og_description":"We offer individualized various health services according to your needs. You enjoy your trip we will take care the rest.","og_url":"https:\/\/www.mustafaaydinol.com\/tr\/saglik-cozumleri\/","og_site_name":"Op. Dr. M.Mustafa Ayd\u0131nol","article_modified_time":"2025-12-14T10:30:00+00:00","og_image":[{"url":"https:\/\/www.mustafaaydinol.com\/wp-content\/uploads\/elementor\/thumbs\/Logo_of_Ministry_of_Health_Turkey-scaled-1-rfh0twn0pive3z8npy1t7f42zxo1nq7qul0h3557q4.png","type":"","width":"","height":""}],"twitter_card":"summary_large_image","twitter_misc":{"Tahmini okuma s\u00fcresi":"1 dakika"},"schema":{"@context":"https:\/\/schema.org","@graph":[{"@type":"WebPage","@id":"https:\/\/www.mustafaaydinol.com\/tr\/saglik-cozumleri\/","url":"https:\/\/www.mustafaaydinol.com\/tr\/saglik-cozumleri\/","name":"T\u00fcrkiye'de Herkes \u0130\u00e7in Sa\u011fl\u0131k \u00c7\u00f6z\u00fcmleri ve Hizmetleri - Op. Dr. M.Mustafa Ayd\u0131nol","isPartOf":{"@id":"https:\/\/www.mustafaaydinol.com\/tr\/#website"},"primaryImageOfPage":{"@id":"https:\/\/www.mustafaaydinol.com\/tr\/saglik-cozumleri\/#primaryimage"},"image":{"@id":"https:\/\/www.mustafaaydinol.com\/tr\/saglik-cozumleri\/#primaryimage"},"thumbnailUrl":"https:\/\/www.mustafaaydinol.com\/wp-content\/uploads\/elementor\/thumbs\/Logo_of_Ministry_of_Health_Turkey-scaled-1-rfh0twn0pive3z8npy1t7f42zxo1nq7qul0h3557q4.png","datePublished":"2025-12-02T13:59:50+00:00","dateModified":"2025-12-14T10:30:00+00:00","description":"Sizin i\u00e7in en iyi \u00e7\u00f6z\u00fcmleri ke\u015ffetmek \u00fczere \u00fccretsiz dan\u0131\u015fmanl\u0131k ile T\u00fcrkiye'deki sa\u011fl\u0131k \u00e7\u00f6z\u00fcmlerini ve hizmetlerini ke\u015ffedin. Operasyon sonras\u0131 bak\u0131m, masaj ve daha fazlas\u0131","breadcrumb":{"@id":"https:\/\/www.mustafaaydinol.com\/tr\/saglik-cozumleri\/#breadcrumb"},"inLanguage":"tr","potentialAction":[{"@type":"ReadAction","target":["https:\/\/www.mustafaaydinol.com\/tr\/saglik-cozumleri\/"]}]},{"@type":"ImageObject","inLanguage":"tr","@id":"https:\/\/www.mustafaaydinol.com\/tr\/saglik-cozumleri\/#primaryimage","url":"https:\/\/www.mustafaaydinol.com\/wp-content\/uploads\/elementor\/thumbs\/Logo_of_Ministry_of_Health_Turkey-scaled-1-rfh0twn0pive3z8npy1t7f42zxo1nq7qul0h3557q4.png","contentUrl":"https:\/\/www.mustafaaydinol.com\/wp-content\/uploads\/elementor\/thumbs\/Logo_of_Ministry_of_Health_Turkey-scaled-1-rfh0twn0pive3z8npy1t7f42zxo1nq7qul0h3557q4.png"},{"@type":"BreadcrumbList","@id":"https:\/\/www.mustafaaydinol.com\/tr\/saglik-cozumleri\/#breadcrumb","itemListElement":[{"@type":"ListItem","position":1,"name":"Anasayfa","item":"https:\/\/www.mustafaaydinol.com\/tr\/"},{"@type":"ListItem","position":2,"name":"Sa\u011fl\u0131k \u00c7\u00f6z\u00fcmleri"}]},{"@type":"WebSite","@id":"https:\/\/www.mustafaaydinol.com\/tr\/#website","url":"https:\/\/www.mustafaaydinol.com\/tr\/","name":"Op. Dr. M.Mustafa Ayd\u0131nol","description":"Estetik, Plastik ve Rekonstr\u00fcktif Cerrahi Uzman\u0131","publisher":{"@id":"https:\/\/www.mustafaaydinol.com\/tr\/#organization"},"potentialAction":[{"@type":"SearchAction","target":{"@type":"EntryPoint","urlTemplate":"https:\/\/www.mustafaaydinol.com\/tr\/?s={search_term_string}"},"query-input":{"@type":"PropertyValueSpecification","valueRequired":true,"valueName":"search_term_string"}}],"inLanguage":"tr"},{"@type":"Organization","@id":"https:\/\/www.mustafaaydinol.com\/tr\/#organization","name":"Op. Dr. M.Mustafa Ayd\u0131nol","url":"https:\/\/www.mustafaaydinol.com\/tr\/","logo":{"@type":"ImageObject","inLanguage":"tr","@id":"https:\/\/www.mustafaaydinol.com\/tr\/#\/schema\/logo\/image\/","url":"https:\/\/www.mustafaaydinol.com\/wp-content\/uploads\/2024\/06\/cropped-cropped-Adsiz-tasarim-3.png","contentUrl":"https:\/\/www.mustafaaydinol.com\/wp-content\/uploads\/2024\/06\/cropped-cropped-Adsiz-tasarim-3.png","width":281,"height":220,"caption":"Op. Dr. M.Mustafa Ayd\u0131nol "},"image":{"@id":"https:\/\/www.mustafaaydinol.com\/tr\/#\/schema\/logo\/image\/"}}]}},"_links":{"self":[{"href":"https:\/\/www.mustafaaydinol.com\/tr\/wp-json\/wp\/v2\/pages\/13118","targetHints":{"allow":["GET"]}}],"collection":[{"href":"https:\/\/www.mustafaaydinol.com\/tr\/wp-json\/wp\/v2\/pages"}],"about":[{"href":"https:\/\/www.mustafaaydinol.com\/tr\/wp-json\/wp\/v2\/types\/page"}],"author":[{"embeddable":true,"href":"https:\/\/www.mustafaaydinol.com\/tr\/wp-json\/wp\/v2\/users\/3"}],"replies":[{"embeddable":true,"href":"https:\/\/www.mustafaaydinol.com\/tr\/wp-json\/wp\/v2\/comments?post=13118"}],"version-history":[{"count":4,"href":"https:\/\/www.mustafaaydinol.com\/tr\/wp-json\/wp\/v2\/pages\/13118\/revisions"}],"predecessor-version":[{"id":14242,"href":"https:\/\/www.mustafaaydinol.com\/tr\/wp-json\/wp\/v2\/pages\/13118\/revisions\/14242"}],"wp:attachment":[{"href":"https:\/\/www.mustafaaydinol.com\/tr\/wp-json\/wp\/v2\/media?parent=13118"}],"curies":[{"name":"wp","href":"https:\/\/api.w.org\/{rel}","templated":true}]}}